{"id":16497,"date":"2023-05-02T10:00:41","date_gmt":"2023-05-02T10:00:41","guid":{"rendered":"https:\/\/web.auditoresvalencianos.com\/?page_id=16497"},"modified":"2023-05-09T06:44:28","modified_gmt":"2023-05-09T06:44:28","slug":"auditoria","status":"publish","type":"page","link":"https:\/\/auditoresvalencianos.com\/en\/auditoria\/","title":{"rendered":"Audit"},"content":{"rendered":"<div data-elementor-type=\"wp-page\" data-elementor-id=\"16497\" class=\"elementor elementor-16497\">\n\t\t\t\t\t\t\t\t\t<section class=\"elementor-section elementor-top-section elementor-element elementor-element-afc3b84 elementor-section-boxed elementor-section-height-default elementor-section-height-default\" data-id=\"afc3b84\" data-element_type=\"section\">\n\t\t\t\t\t\t<div class=\"elementor-container elementor-column-gap-default\">\n\t\t\t\t\t<div class=\"elementor-column elementor-col-50 elementor-top-column elementor-element elementor-element-d6b14a9\" data-id=\"d6b14a9\" data-element_type=\"column\">\n\t\t\t<div class=\"elementor-widget-wrap elementor-element-populated\">\n\t\t\t\t\t\t\t\t<div class=\"elementor-element elementor-element-1a74e3a elementor-widget__width-initial bplan-star-rating--align-center elementor-widget elementor-widget-witr_section_title\" data-id=\"1a74e3a\" data-element_type=\"widget\" data-widget_type=\"witr_section_title.default\">\n\t\t\t\t<div class=\"elementor-widget-container\">\n\t\t\t\t\t\t\t\t<!-- title left -->\n\t\t\t\t\t<div class=\"witr_section_title\">\n\t\t\t\t\t\t<div class=\"witr_section_title_inner text-left\">\n\t\t\t\t\t\t\n\t\t\t\t\t\t\t<!-- icon position -->\n\t\t\t\t\t\t\t\t\n\t\t\t\t\t\t\t<!-- end icon position -->\n\t\t\t\t\t\t\n\t\t\t\t\t\t\n\t\t\t\t\t\t\t<!-- title top -->\n\t\t\t\t\t\t\t\t\t\t\t\t\t\t\t<h2>SERVICES<\/h2>\t\t\n\t\t\t\t\t\t\t\n\t\t\t\t\t\t\t<!-- icon position -->\n\t\t\t\t\t\t\t\t\n\t\t\t\t\t\t\t<!-- end icon position -->\n\n\t\t\t\t\t\t\t\n\t\t\t\t\t\t\t<!-- title middle -->\n\t\t\t\t\t\t\t\t\t\t\t\t\t\t\t<h3>Audit\n<\/h3>\t\t\n\t\t\t\t\t\t\t\t\t\t\t\t\t\t<!-- title bottom -->\n\t\t\t\t\t\t\t\t\t\t\t\t\t\t\n\t\t\t\t\t\t\t<!-- icon position -->\n\t\t\t\t\t\t\t\t\t\t\t\t\t\t\n\t\t\t\t\t\t\t<!-- image -->\n\t\t\t\t\t\t\t\t\t\t\t\t\t\t<!-- icon -->\n\t\t\t\t\t\t\t\t\t\t\t\t\t\t\n\t\t\t\t\t\t\t<!-- bar -->\n\t\t\t\t\t\t\t\t\t\t\t\t\t\t<!-- circle bar -->\n\t\t\t\t\t\t\t\t\t\t\t\t\t\t\n\t\t\t\t\t\t\t\t\n\t\t\t\t\t\t\t<!-- end icon position -->\n\n\t\t\t\t\t\t\t<!-- content -->\n\t\t\t\t\t\t\t\t\t\t\t\t\t<\/div>\n\t\t\t\t\t\t\t<!-- inner title -->\n\t\t\t\t\t\t\t\t\t\t\t\t\t\n\t\t\t\t\t<\/div>\t\t\t\t\n\t\t\t\t\t\t<\/div>\n\t\t\t\t<\/div>\n\t\t\t\t<div class=\"elementor-element elementor-element-a777723 elementor-widget elementor-widget-text-editor\" data-id=\"a777723\" data-element_type=\"widget\" data-widget_type=\"text-editor.default\">\n\t\t\t\t<div class=\"elementor-widget-container\">\n\t\t\t<style>\/*! elementor - v3.12.2 - 23-04-2023 *\/\n.elementor-widget-text-editor.elementor-drop-cap-view-stacked .elementor-drop-cap{background-color:#69727d;color:#fff}.elementor-widget-text-editor.elementor-drop-cap-view-framed .elementor-drop-cap{color:#69727d;border:3px solid;background-color:transparent}.elementor-widget-text-editor:not(.elementor-drop-cap-view-default) .elementor-drop-cap{margin-top:8px}.elementor-widget-text-editor:not(.elementor-drop-cap-view-default) .elementor-drop-cap-letter{width:1em;height:1em}.elementor-widget-text-editor .elementor-drop-cap{float:left;text-align:center;line-height:1;font-size:50px}.elementor-widget-text-editor .elementor-drop-cap-letter{display:inline-block}<\/style>\t\t\t\t<p><strong>Full Audit<\/strong><br \/>Examination of the annual accounts of a company, made in accordance with generally accepted auditing standards, in order to determine if they represent the true picture of the assets, of the financial position and the results of their operations in accordance with generally accepted accounting principles.\u00a0<\/p><p><strong>Review of the Limited Range \u2013 Diagnostic Test<\/strong><br \/>Analysis of the main accounts of the balance sheet of an entity, with a special emphasis on those which, by their nature, condition or determine the economic performance of a company or entity.<\/p><p><strong>Reviews of Business (Due Diligence &amp; Business Reviews)<\/strong><br \/>Is to facilitate the client who hired us a coherent and focused on your needs, that will help you in your evaluation of the company object of examination-or a part of it, typically in connection with a major transaction, in order to increase the knowledge about the target company, the business, their key success factors and their strong and weak points.<\/p><p>In this type of work, emphasis is placed on the problems and the potential opportunities and provides information about fundamental issues in the transaction (accounting, legal, economic and tax).<\/p>\t\t\t\t\t\t<\/div>\n\t\t\t\t<\/div>\n\t\t\t\t\t<\/div>\n\t\t<\/div>\n\t\t\t\t<div class=\"elementor-column elementor-col-50 elementor-top-column elementor-element elementor-element-8167963\" data-id=\"8167963\" data-element_type=\"column\">\n\t\t\t<div class=\"elementor-widget-wrap elementor-element-populated\">\n\t\t\t\t\t\t\t\t<div class=\"elementor-element elementor-element-4bbd3a6 bplan-star-rating--align-center elementor-widget elementor-widget-witr_section_s_image\" data-id=\"4bbd3a6\" data-element_type=\"widget\" data-widget_type=\"witr_section_s_image.default\">\n\t\t\t\t<div class=\"elementor-widget-container\">\n\t\t\t\t\n\t\t<div class=\"single_image_area\">\n\t\t\t<div class=\"single_image single_line_option\">\n\t\t\t\t<!-- image -->\n\t\t\t\t<img loading=\"lazy\" decoding=\"async\" width=\"460\" height=\"510\" src=\"https:\/\/auditoresvalencianos.com\/wp-content\/uploads\/2023\/04\/servicios-1.jpg\" class=\"attachment-large size-large wp-image-16396\" alt=\"\" srcset=\"https:\/\/auditoresvalencianos.com\/wp-content\/uploads\/2023\/04\/servicios-1.jpg 460w, https:\/\/auditoresvalencianos.com\/wp-content\/uploads\/2023\/04\/servicios-1-271x300.jpg 271w\" sizes=\"auto, (max-width: 460px) 100vw, 460px\" \/>\t\t\n\t\t\t\t\t\t\t\t\t\t\t<\/div>\n\t\t<\/div>\n\t\t\t\n\t\t\t\n\t\t\n\t\t\t\n\t\t\t\t<\/div>\n\t\t\t\t<\/div>\n\t\t\t\t\t<\/div>\n\t\t<\/div>\n\t\t\t\t\t\t\t<\/div>\n\t\t<\/section>\n\t\t\t\t<section class=\"elementor-section elementor-top-section elementor-element elementor-element-3752af9 elementor-section-boxed elementor-section-height-default elementor-section-height-default\" data-id=\"3752af9\" data-element_type=\"section\">\n\t\t\t\t\t\t<div class=\"elementor-container elementor-column-gap-default\">\n\t\t\t\t\t<div class=\"elementor-column elementor-col-50 elementor-top-column elementor-element elementor-element-fe3ff78\" data-id=\"fe3ff78\" data-element_type=\"column\">\n\t\t\t<div class=\"elementor-widget-wrap elementor-element-populated\">\n\t\t\t\t\t\t\t\t<div class=\"elementor-element elementor-element-6c052c7 elementor-widget elementor-widget-text-editor\" data-id=\"6c052c7\" data-element_type=\"widget\" data-widget_type=\"text-editor.default\">\n\t\t\t\t<div class=\"elementor-widget-container\">\n\t\t\t\t\t\t\t<p><strong>Financial Audit<\/strong><br \/>Your goal is to determine if the financial statements of an entity or public body is well-presented according to the principles of accounting and budgetary management of the public resources that are applicable, as well as to assess the administrative systems, accounting and financial control of the entity.<\/p><p><strong>Audit Management<\/strong><br \/>It seeks to assess the degree of compliance on the part of the entity&#039;s objectives, as well as to evaluate the degree of economy and efficiency in the management of human resources, financial and material, and in particular, the performance and productivity; duplication of efforts; detection of functions, units, or unnecessary tasks; to compare the benefits and costs of the proceedings and procedures; and to assess suitability, the excess or deficiency of staff.<\/p><p>The management of the agency audited is analyzed in function of a triple-axis of analysis of effectiveness, efficiency and economy in the provision of services and in the use of resources both human and materials available for the performance of their activity goals.<\/p><p><strong>Compliance audit of the Legality<\/strong><br \/>Is performed in order to verify if the public entity to comply with the law in force in the management of public resources and the standards of performance applicable general.<\/p>\t\t\t\t\t\t<\/div>\n\t\t\t\t<\/div>\n\t\t\t\t\t<\/div>\n\t\t<\/div>\n\t\t\t\t<div class=\"elementor-column elementor-col-50 elementor-top-column elementor-element elementor-element-1368c76\" data-id=\"1368c76\" data-element_type=\"column\">\n\t\t\t<div class=\"elementor-widget-wrap elementor-element-populated\">\n\t\t\t\t\t\t\t\t<div class=\"elementor-element elementor-element-9f26a1f elementor-widget elementor-widget-text-editor\" data-id=\"9f26a1f\" data-element_type=\"widget\" data-widget_type=\"text-editor.default\">\n\t\t\t\t<div class=\"elementor-widget-container\">\n\t\t\t\t\t\t\t<p><strong>Other Services<\/strong><\/p><p>\u2013 Advice on policies and systems consolidation of financial statements.<br \/>\u2013 A review of systems of internal control, determining their adequacy and effectiveness. Fraud investigation.<br \/>\u2013 Assistance in the preparation of the annual accounts.<br \/>\u2013 Design and adaptation of plans, accounts.<br \/>\u2013 Review of financial information or specific transactions.<br \/>\u2013 Advice and technical assistance in the creation and development of the department of internal audit and staff training.<br \/>\u2013 Preparation of manuals of procedures for internal administrative and accounting.<br \/>\u2013 Review, or assistance in the preparation of budgets and financial statements projected.<br \/>\u2013 Expert performances.<br \/>\u2013 Interventions in processes conc\u00farsales.<br \/>\u2013 Subsidies from Regional Incentives and other.<br \/>\u2013 Annual statement of Containers.<br \/>\u2013 Certified Accountants.<\/p>\t\t\t\t\t\t<\/div>\n\t\t\t\t<\/div>\n\t\t\t\t\t<\/div>\n\t\t<\/div>\n\t\t\t\t\t\t\t<\/div>\n\t\t<\/section>\n\t\t\t\t\t\t\t<\/div>","protected":false},"excerpt":{"rendered":"<p>SERVICIOS Auditor\u00eda Auditor\u00eda CompletaExamen de las cuentas anuales de una sociedad, realizado de acuerdo con normas de auditor\u00eda generalmente aceptadas, con el objeto de determinar si las mismas expresan la imagen fiel del patrimonio, de la situaci\u00f3n financiera y del resultado de sus operaciones de conformidad con principios de contabilidad generalmente aceptados.\u00a0 Revisi\u00f3n del Alcance [&hellip;]<\/p>","protected":false},"author":1,"featured_media":0,"parent":0,"menu_order":0,"comment_status":"closed","ping_status":"closed","template":"template-home.php","meta":{"footnotes":""},"class_list":["post-16497","page","type-page","status-publish","hentry"],"yoast_head":"<!-- This site is optimized with the Yoast SEO plugin v22.4 - https:\/\/yoast.com\/wordpress\/plugins\/seo\/ -->\n<title>Auditor\u00eda - Auditores Valencianos Asociados<\/title>\n<meta name=\"robots\" content=\"index, follow, max-snippet:-1, max-image-preview:large, max-video-preview:-1\" \/>\n<link rel=\"canonical\" href=\"https:\/\/auditoresvalencianos.com\/en\/auditoria\/\" \/>\n<meta property=\"og:locale\" content=\"en_GB\" \/>\n<meta property=\"og:type\" content=\"article\" \/>\n<meta property=\"og:title\" content=\"Auditor\u00eda - Auditores Valencianos Asociados\" \/>\n<meta property=\"og:description\" content=\"SERVICIOS Auditor\u00eda Auditor\u00eda CompletaExamen de las cuentas anuales de una sociedad, realizado de acuerdo con normas de auditor\u00eda generalmente aceptadas, con el objeto de determinar si las mismas expresan la imagen fiel del patrimonio, de la situaci\u00f3n financiera y del resultado de sus operaciones de conformidad con principios de contabilidad generalmente aceptados.\u00a0 Revisi\u00f3n del Alcance [&hellip;]\" \/>\n<meta property=\"og:url\" content=\"https:\/\/auditoresvalencianos.com\/en\/auditoria\/\" \/>\n<meta property=\"og:site_name\" content=\"Auditores Valencianos Asociados\" \/>\n<meta property=\"article:modified_time\" content=\"2023-05-09T06:44:28+00:00\" \/>\n<meta property=\"og:image\" content=\"http:\/\/web.auditoresvalencianos.com\/wp-content\/uploads\/2023\/04\/servicios-1.jpg\" \/>\n<meta name=\"twitter:card\" content=\"summary_large_image\" \/>\n<meta name=\"twitter:label1\" content=\"Estimated reading time\" \/>\n\t<meta name=\"twitter:data1\" content=\"3 minutes\" \/>\n<script type=\"application\/ld+json\" class=\"yoast-schema-graph\">{\"@context\":\"https:\/\/schema.org\",\"@graph\":[{\"@type\":\"WebPage\",\"@id\":\"https:\/\/auditoresvalencianos.com\/auditoria\/\",\"url\":\"https:\/\/auditoresvalencianos.com\/auditoria\/\",\"name\":\"Auditor\u00eda - Auditores Valencianos Asociados\",\"isPartOf\":{\"@id\":\"https:\/\/auditoresvalencianos.com\/#website\"},\"primaryImageOfPage\":{\"@id\":\"https:\/\/auditoresvalencianos.com\/auditoria\/#primaryimage\"},\"image\":{\"@id\":\"https:\/\/auditoresvalencianos.com\/auditoria\/#primaryimage\"},\"thumbnailUrl\":\"http:\/\/web.auditoresvalencianos.com\/wp-content\/uploads\/2023\/04\/servicios-1.jpg\",\"datePublished\":\"2023-05-02T10:00:41+00:00\",\"dateModified\":\"2023-05-09T06:44:28+00:00\",\"breadcrumb\":{\"@id\":\"https:\/\/auditoresvalencianos.com\/auditoria\/#breadcrumb\"},\"inLanguage\":\"en-GB\",\"potentialAction\":[{\"@type\":\"ReadAction\",\"target\":[\"https:\/\/auditoresvalencianos.com\/auditoria\/\"]}]},{\"@type\":\"ImageObject\",\"inLanguage\":\"en-GB\",\"@id\":\"https:\/\/auditoresvalencianos.com\/auditoria\/#primaryimage\",\"url\":\"http:\/\/web.auditoresvalencianos.com\/wp-content\/uploads\/2023\/04\/servicios-1.jpg\",\"contentUrl\":\"http:\/\/web.auditoresvalencianos.com\/wp-content\/uploads\/2023\/04\/servicios-1.jpg\"},{\"@type\":\"BreadcrumbList\",\"@id\":\"https:\/\/auditoresvalencianos.com\/auditoria\/#breadcrumb\",\"itemListElement\":[{\"@type\":\"ListItem\",\"position\":1,\"name\":\"Portada\",\"item\":\"https:\/\/auditoresvalencianos.com\/\"},{\"@type\":\"ListItem\",\"position\":2,\"name\":\"Auditor\u00eda\"}]},{\"@type\":\"WebSite\",\"@id\":\"https:\/\/auditoresvalencianos.com\/#website\",\"url\":\"https:\/\/auditoresvalencianos.com\/\",\"name\":\"Auditores Valencianos Asociados\",\"description\":\"Auditor\u00eda de Cuentas y Consultor\u00eda Empresarial\",\"publisher\":{\"@id\":\"https:\/\/auditoresvalencianos.com\/#organization\"},\"potentialAction\":[{\"@type\":\"SearchAction\",\"target\":{\"@type\":\"EntryPoint\",\"urlTemplate\":\"https:\/\/auditoresvalencianos.com\/?s={search_term_string}\"},\"query-input\":\"required name=search_term_string\"}],\"inLanguage\":\"en-GB\"},{\"@type\":\"Organization\",\"@id\":\"https:\/\/auditoresvalencianos.com\/#organization\",\"name\":\"Auditores Valencianos Asociados\",\"url\":\"https:\/\/auditoresvalencianos.com\/\",\"logo\":{\"@type\":\"ImageObject\",\"inLanguage\":\"en-GB\",\"@id\":\"https:\/\/auditoresvalencianos.com\/#\/schema\/logo\/image\/\",\"url\":\"https:\/\/auditoresvalencianos.com\/wp-content\/uploads\/2023\/05\/logo-auditores-valencianos-h-r-370-footer.png\",\"contentUrl\":\"https:\/\/auditoresvalencianos.com\/wp-content\/uploads\/2023\/05\/logo-auditores-valencianos-h-r-370-footer.png\",\"width\":370,\"height\":80,\"caption\":\"Auditores Valencianos Asociados\"},\"image\":{\"@id\":\"https:\/\/auditoresvalencianos.com\/#\/schema\/logo\/image\/\"}}]}<\/script>\n<!-- \/ Yoast SEO plugin. -->","yoast_head_json":{"title":"Auditor\u00eda - Auditores Valencianos Asociados","robots":{"index":"index","follow":"follow","max-snippet":"max-snippet:-1","max-image-preview":"max-image-preview:large","max-video-preview":"max-video-preview:-1"},"canonical":"https:\/\/auditoresvalencianos.com\/en\/auditoria\/","og_locale":"en_GB","og_type":"article","og_title":"Auditor\u00eda - Auditores Valencianos Asociados","og_description":"SERVICIOS Auditor\u00eda Auditor\u00eda CompletaExamen de las cuentas anuales de una sociedad, realizado de acuerdo con normas de auditor\u00eda generalmente aceptadas, con el objeto de determinar si las mismas expresan la imagen fiel del patrimonio, de la situaci\u00f3n financiera y del resultado de sus operaciones de conformidad con principios de contabilidad generalmente aceptados.\u00a0 Revisi\u00f3n del Alcance [&hellip;]","og_url":"https:\/\/auditoresvalencianos.com\/en\/auditoria\/","og_site_name":"Auditores Valencianos Asociados","article_modified_time":"2023-05-09T06:44:28+00:00","og_image":[{"url":"http:\/\/web.auditoresvalencianos.com\/wp-content\/uploads\/2023\/04\/servicios-1.jpg"}],"twitter_card":"summary_large_image","twitter_misc":{"Estimated reading time":"3 minutes"},"schema":{"@context":"https:\/\/schema.org","@graph":[{"@type":"WebPage","@id":"https:\/\/auditoresvalencianos.com\/auditoria\/","url":"https:\/\/auditoresvalencianos.com\/auditoria\/","name":"Auditor\u00eda - Auditores Valencianos Asociados","isPartOf":{"@id":"https:\/\/auditoresvalencianos.com\/#website"},"primaryImageOfPage":{"@id":"https:\/\/auditoresvalencianos.com\/auditoria\/#primaryimage"},"image":{"@id":"https:\/\/auditoresvalencianos.com\/auditoria\/#primaryimage"},"thumbnailUrl":"http:\/\/web.auditoresvalencianos.com\/wp-content\/uploads\/2023\/04\/servicios-1.jpg","datePublished":"2023-05-02T10:00:41+00:00","dateModified":"2023-05-09T06:44:28+00:00","breadcrumb":{"@id":"https:\/\/auditoresvalencianos.com\/auditoria\/#breadcrumb"},"inLanguage":"en-GB","potentialAction":[{"@type":"ReadAction","target":["https:\/\/auditoresvalencianos.com\/auditoria\/"]}]},{"@type":"ImageObject","inLanguage":"en-GB","@id":"https:\/\/auditoresvalencianos.com\/auditoria\/#primaryimage","url":"http:\/\/web.auditoresvalencianos.com\/wp-content\/uploads\/2023\/04\/servicios-1.jpg","contentUrl":"http:\/\/web.auditoresvalencianos.com\/wp-content\/uploads\/2023\/04\/servicios-1.jpg"},{"@type":"BreadcrumbList","@id":"https:\/\/auditoresvalencianos.com\/auditoria\/#breadcrumb","itemListElement":[{"@type":"ListItem","position":1,"name":"Portada","item":"https:\/\/auditoresvalencianos.com\/"},{"@type":"ListItem","position":2,"name":"Auditor\u00eda"}]},{"@type":"WebSite","@id":"https:\/\/auditoresvalencianos.com\/#website","url":"https:\/\/auditoresvalencianos.com\/","name":"Auditores Valencianos Asociados","description":"Auditor\u00eda de Cuentas y Consultor\u00eda Empresarial","publisher":{"@id":"https:\/\/auditoresvalencianos.com\/#organization"},"potentialAction":[{"@type":"SearchAction","target":{"@type":"EntryPoint","urlTemplate":"https:\/\/auditoresvalencianos.com\/?s={search_term_string}"},"query-input":"required name=search_term_string"}],"inLanguage":"en-GB"},{"@type":"Organization","@id":"https:\/\/auditoresvalencianos.com\/#organization","name":"Auditores Valencianos Asociados","url":"https:\/\/auditoresvalencianos.com\/","logo":{"@type":"ImageObject","inLanguage":"en-GB","@id":"https:\/\/auditoresvalencianos.com\/#\/schema\/logo\/image\/","url":"https:\/\/auditoresvalencianos.com\/wp-content\/uploads\/2023\/05\/logo-auditores-valencianos-h-r-370-footer.png","contentUrl":"https:\/\/auditoresvalencianos.com\/wp-content\/uploads\/2023\/05\/logo-auditores-valencianos-h-r-370-footer.png","width":370,"height":80,"caption":"Auditores Valencianos Asociados"},"image":{"@id":"https:\/\/auditoresvalencianos.com\/#\/schema\/logo\/image\/"}}]}},"_links":{"self":[{"href":"https:\/\/auditoresvalencianos.com\/en\/wp-json\/wp\/v2\/pages\/16497","targetHints":{"allow":["GET"]}}],"collection":[{"href":"https:\/\/auditoresvalencianos.com\/en\/wp-json\/wp\/v2\/pages"}],"about":[{"href":"https:\/\/auditoresvalencianos.com\/en\/wp-json\/wp\/v2\/types\/page"}],"author":[{"embeddable":true,"href":"https:\/\/auditoresvalencianos.com\/en\/wp-json\/wp\/v2\/users\/1"}],"replies":[{"embeddable":true,"href":"https:\/\/auditoresvalencianos.com\/en\/wp-json\/wp\/v2\/comments?post=16497"}],"version-history":[{"count":69,"href":"https:\/\/auditoresvalencianos.com\/en\/wp-json\/wp\/v2\/pages\/16497\/revisions"}],"predecessor-version":[{"id":17155,"href":"https:\/\/auditoresvalencianos.com\/en\/wp-json\/wp\/v2\/pages\/16497\/revisions\/17155"}],"wp:attachment":[{"href":"https:\/\/auditoresvalencianos.com\/en\/wp-json\/wp\/v2\/media?parent=16497"}],"curies":[{"name":"wp","href":"https:\/\/api.w.org\/{rel}","templated":true}]}}