{"id":16528,"date":"2023-05-02T10:00:41","date_gmt":"2023-05-02T10:00:41","guid":{"rendered":"https:\/\/web.auditoresvalencianos.com\/?page_id=16528"},"modified":"2023-05-15T09:02:25","modified_gmt":"2023-05-15T09:02:25","slug":"consultoria","status":"publish","type":"page","link":"https:\/\/auditoresvalencianos.com\/en\/consultoria\/","title":{"rendered":"Consulting"},"content":{"rendered":"<div data-elementor-type=\"wp-page\" data-elementor-id=\"16528\" class=\"elementor elementor-16528\">\n\t\t\t\t\t\t\t\t\t<section class=\"elementor-section elementor-top-section elementor-element elementor-element-afc3b84 elementor-section-boxed elementor-section-height-default elementor-section-height-default\" data-id=\"afc3b84\" data-element_type=\"section\">\n\t\t\t\t\t\t<div class=\"elementor-container elementor-column-gap-default\">\n\t\t\t\t\t<div class=\"elementor-column elementor-col-50 elementor-top-column elementor-element elementor-element-d6b14a9\" data-id=\"d6b14a9\" data-element_type=\"column\">\n\t\t\t<div class=\"elementor-widget-wrap elementor-element-populated\">\n\t\t\t\t\t\t\t\t<div class=\"elementor-element elementor-element-1a74e3a elementor-widget__width-initial bplan-star-rating--align-center elementor-widget elementor-widget-witr_section_title\" data-id=\"1a74e3a\" data-element_type=\"widget\" data-widget_type=\"witr_section_title.default\">\n\t\t\t\t<div class=\"elementor-widget-container\">\n\t\t\t\t\t\t\t\t<!-- title left -->\n\t\t\t\t\t<div class=\"witr_section_title\">\n\t\t\t\t\t\t<div class=\"witr_section_title_inner text-left\">\n\t\t\t\t\t\t\n\t\t\t\t\t\t\t<!-- icon position -->\n\t\t\t\t\t\t\t\t\n\t\t\t\t\t\t\t<!-- end icon position -->\n\t\t\t\t\t\t\n\t\t\t\t\t\t\n\t\t\t\t\t\t\t<!-- title top -->\n\t\t\t\t\t\t\t\t\t\t\t\t\t\t\t<h2>SERVICES<\/h2>\t\t\n\t\t\t\t\t\t\t\n\t\t\t\t\t\t\t<!-- icon position -->\n\t\t\t\t\t\t\t\t\n\t\t\t\t\t\t\t<!-- end icon position -->\n\n\t\t\t\t\t\t\t\n\t\t\t\t\t\t\t<!-- title middle -->\n\t\t\t\t\t\t\t\t\t\t\t\t\t\t\t<h3>Consulting\n<\/h3>\t\t\n\t\t\t\t\t\t\t\t\t\t\t\t\t\t<!-- title bottom -->\n\t\t\t\t\t\t\t\t\t\t\t\t\t\t\n\t\t\t\t\t\t\t<!-- icon position -->\n\t\t\t\t\t\t\t\t\t\t\t\t\t\t\n\t\t\t\t\t\t\t<!-- image -->\n\t\t\t\t\t\t\t\t\t\t\t\t\t\t<!-- icon -->\n\t\t\t\t\t\t\t\t\t\t\t\t\t\t\n\t\t\t\t\t\t\t<!-- bar -->\n\t\t\t\t\t\t\t\t\t\t\t\t\t\t<!-- circle bar -->\n\t\t\t\t\t\t\t\t\t\t\t\t\t\t\n\t\t\t\t\t\t\t\t\n\t\t\t\t\t\t\t<!-- end icon position -->\n\n\t\t\t\t\t\t\t<!-- content -->\n\t\t\t\t\t\t\t\t\t\t\t\t\t<\/div>\n\t\t\t\t\t\t\t<!-- inner title -->\n\t\t\t\t\t\t\t\t\t\t\t\t\t\n\t\t\t\t\t<\/div>\t\t\t\t\n\t\t\t\t\t\t<\/div>\n\t\t\t\t<\/div>\n\t\t\t\t<div class=\"elementor-element elementor-element-a777723 elementor-widget elementor-widget-text-editor\" data-id=\"a777723\" data-element_type=\"widget\" data-widget_type=\"text-editor.default\">\n\t\t\t\t<div class=\"elementor-widget-container\">\n\t\t\t<style>\/*! elementor - v3.12.2 - 23-04-2023 *\/\n.elementor-widget-text-editor.elementor-drop-cap-view-stacked .elementor-drop-cap{background-color:#69727d;color:#fff}.elementor-widget-text-editor.elementor-drop-cap-view-framed .elementor-drop-cap{color:#69727d;border:3px solid;background-color:transparent}.elementor-widget-text-editor:not(.elementor-drop-cap-view-default) .elementor-drop-cap{margin-top:8px}.elementor-widget-text-editor:not(.elementor-drop-cap-view-default) .elementor-drop-cap-letter{width:1em;height:1em}.elementor-widget-text-editor .elementor-drop-cap{float:left;text-align:center;line-height:1;font-size:50px}.elementor-widget-text-editor .elementor-drop-cap-letter{display:inline-block}<\/style>\t\t\t\t<p><strong>Our Consulting Services:<\/strong><\/p><p>\u2013 Attendance, full or limited, in the preparation of the project of fusion, cleavage, or in the assessment of the elements provided.<br \/>\u2013 Acting as independent experts, in mergers, spin-offs and non-cash contributions. Feasibility studies for Companies.<br \/>\u2013 Valuations of Companies and parts of Companies (ratings financial), as well as expert or as an arbitrator.<br \/>\u2013 Economic Analysis-Financial.<br \/>\u2013 Preparation of Financial Plans.<br \/>\u2013 Management of current assets and Control of the management of the inventory.<br \/>\u2013 Management of grants and government grants.<\/p>\t\t\t\t\t\t<\/div>\n\t\t\t\t<\/div>\n\t\t\t\t\t<\/div>\n\t\t<\/div>\n\t\t\t\t<div class=\"elementor-column elementor-col-50 elementor-top-column elementor-element elementor-element-8167963\" data-id=\"8167963\" data-element_type=\"column\">\n\t\t\t<div class=\"elementor-widget-wrap elementor-element-populated\">\n\t\t\t\t\t\t\t\t<div class=\"elementor-element elementor-element-4bbd3a6 bplan-star-rating--align-center elementor-widget elementor-widget-witr_section_s_image\" data-id=\"4bbd3a6\" data-element_type=\"widget\" data-widget_type=\"witr_section_s_image.default\">\n\t\t\t\t<div class=\"elementor-widget-container\">\n\t\t\t\t\n\t\t<div class=\"single_image_area\">\n\t\t\t<div class=\"single_image single_line_option\">\n\t\t\t\t<!-- image -->\n\t\t\t\t<img loading=\"lazy\" decoding=\"async\" width=\"460\" height=\"510\" src=\"https:\/\/auditoresvalencianos.com\/wp-content\/uploads\/2023\/04\/servicios-3.jpg\" class=\"attachment-large size-large wp-image-16402\" alt=\"\" srcset=\"https:\/\/auditoresvalencianos.com\/wp-content\/uploads\/2023\/04\/servicios-3.jpg 460w, https:\/\/auditoresvalencianos.com\/wp-content\/uploads\/2023\/04\/servicios-3-271x300.jpg 271w\" sizes=\"auto, (max-width: 460px) 100vw, 460px\" \/>\t\t\n\t\t\t\t\t\t\t\t\t\t\t<\/div>\n\t\t<\/div>\n\t\t\t\n\t\t\t\n\t\t\n\t\t\t\n\t\t\t\t<\/div>\n\t\t\t\t<\/div>\n\t\t\t\t\t<\/div>\n\t\t<\/div>\n\t\t\t\t\t\t\t<\/div>\n\t\t<\/section>\n\t\t\t\t<section class=\"elementor-section elementor-top-section elementor-element elementor-element-a271fcb elementor-section-boxed elementor-section-height-default elementor-section-height-default\" data-id=\"a271fcb\" data-element_type=\"section\">\n\t\t\t\t\t\t<div class=\"elementor-container elementor-column-gap-default\">\n\t\t\t\t\t<div class=\"elementor-column elementor-col-100 elementor-top-column elementor-element elementor-element-1752841\" data-id=\"1752841\" data-element_type=\"column\">\n\t\t\t<div class=\"elementor-widget-wrap elementor-element-populated\">\n\t\t\t\t\t\t\t\t<div class=\"elementor-element elementor-element-44f51ed elementor-widget elementor-widget-text-editor\" data-id=\"44f51ed\" data-element_type=\"widget\" data-widget_type=\"text-editor.default\">\n\t\t\t\t<div class=\"elementor-widget-container\">\n\t\t\t\t\t\t\t<p>Currently our customers are present in the different economic sectors of our Community.<\/p><p>We service a large number of companies of varying size, but coinciding in their common interest in the benefits of an independent audit and\/or comprehensive advice.<\/p><p><strong>The professional capacity of our partners and the technical means available to us, allow us to ensure immediate attention and a first-class service.<\/strong><\/p>\t\t\t\t\t\t<\/div>\n\t\t\t\t<\/div>\n\t\t\t\t\t<\/div>\n\t\t<\/div>\n\t\t\t\t\t\t\t<\/div>\n\t\t<\/section>\n\t\t\t\t\t\t\t<\/div>","protected":false},"excerpt":{"rendered":"<p>SERVICIOS Consultor\u00eda Nuestros Servicios en Consultor\u00eda: &#8211; Asistencia, completa o restringida, en la preparaci\u00f3n del proyecto de fusi\u00f3n, de escisi\u00f3n o en la valoraci\u00f3n de los elementos aportados.&#8211; Actuaciones como expertos independientes, en fusiones, escisiones y aportaciones no dinerarias. Estudios de viabilidad de Empresas.&#8211; Valoraciones de Empresas y partes de Empresas (valoraciones financieras), bien como [&hellip;]<\/p>","protected":false},"author":1,"featured_media":0,"parent":0,"menu_order":0,"comment_status":"closed","ping_status":"closed","template":"template-home.php","meta":{"footnotes":""},"class_list":["post-16528","page","type-page","status-publish","hentry"],"yoast_head":"<!-- This site is optimized with the Yoast SEO plugin v22.4 - https:\/\/yoast.com\/wordpress\/plugins\/seo\/ -->\n<title>Consultor\u00eda - Auditores Valencianos Asociados<\/title>\n<meta name=\"robots\" content=\"index, follow, max-snippet:-1, max-image-preview:large, max-video-preview:-1\" \/>\n<link rel=\"canonical\" href=\"https:\/\/auditoresvalencianos.com\/en\/consultoria\/\" \/>\n<meta property=\"og:locale\" content=\"en_GB\" \/>\n<meta property=\"og:type\" content=\"article\" \/>\n<meta property=\"og:title\" content=\"Consultor\u00eda - Auditores Valencianos Asociados\" \/>\n<meta property=\"og:description\" content=\"SERVICIOS Consultor\u00eda Nuestros Servicios en Consultor\u00eda: &#8211; Asistencia, completa o restringida, en la preparaci\u00f3n del proyecto de fusi\u00f3n, de escisi\u00f3n o en la valoraci\u00f3n de los elementos aportados.&#8211; Actuaciones como expertos independientes, en fusiones, escisiones y aportaciones no dinerarias. Estudios de viabilidad de Empresas.&#8211; Valoraciones de Empresas y partes de Empresas (valoraciones financieras), bien como [&hellip;]\" \/>\n<meta property=\"og:url\" content=\"https:\/\/auditoresvalencianos.com\/en\/consultoria\/\" \/>\n<meta property=\"og:site_name\" content=\"Auditores Valencianos Asociados\" \/>\n<meta property=\"article:modified_time\" content=\"2023-05-15T09:02:25+00:00\" \/>\n<meta property=\"og:image\" content=\"http:\/\/auditoresvalencianos.com\/wp-content\/uploads\/2023\/04\/servicios-3.jpg\" \/>\n<meta name=\"twitter:card\" content=\"summary_large_image\" \/>\n<meta name=\"twitter:label1\" content=\"Estimated reading time\" \/>\n\t<meta name=\"twitter:data1\" content=\"1 minute\" \/>\n<script type=\"application\/ld+json\" class=\"yoast-schema-graph\">{\"@context\":\"https:\/\/schema.org\",\"@graph\":[{\"@type\":\"WebPage\",\"@id\":\"https:\/\/auditoresvalencianos.com\/consultoria\/\",\"url\":\"https:\/\/auditoresvalencianos.com\/consultoria\/\",\"name\":\"Consultor\u00eda - Auditores Valencianos Asociados\",\"isPartOf\":{\"@id\":\"https:\/\/auditoresvalencianos.com\/#website\"},\"primaryImageOfPage\":{\"@id\":\"https:\/\/auditoresvalencianos.com\/consultoria\/#primaryimage\"},\"image\":{\"@id\":\"https:\/\/auditoresvalencianos.com\/consultoria\/#primaryimage\"},\"thumbnailUrl\":\"http:\/\/auditoresvalencianos.com\/wp-content\/uploads\/2023\/04\/servicios-3.jpg\",\"datePublished\":\"2023-05-02T10:00:41+00:00\",\"dateModified\":\"2023-05-15T09:02:25+00:00\",\"breadcrumb\":{\"@id\":\"https:\/\/auditoresvalencianos.com\/consultoria\/#breadcrumb\"},\"inLanguage\":\"en-GB\",\"potentialAction\":[{\"@type\":\"ReadAction\",\"target\":[\"https:\/\/auditoresvalencianos.com\/consultoria\/\"]}]},{\"@type\":\"ImageObject\",\"inLanguage\":\"en-GB\",\"@id\":\"https:\/\/auditoresvalencianos.com\/consultoria\/#primaryimage\",\"url\":\"http:\/\/auditoresvalencianos.com\/wp-content\/uploads\/2023\/04\/servicios-3.jpg\",\"contentUrl\":\"http:\/\/auditoresvalencianos.com\/wp-content\/uploads\/2023\/04\/servicios-3.jpg\"},{\"@type\":\"BreadcrumbList\",\"@id\":\"https:\/\/auditoresvalencianos.com\/consultoria\/#breadcrumb\",\"itemListElement\":[{\"@type\":\"ListItem\",\"position\":1,\"name\":\"Portada\",\"item\":\"https:\/\/auditoresvalencianos.com\/\"},{\"@type\":\"ListItem\",\"position\":2,\"name\":\"Consultor\u00eda\"}]},{\"@type\":\"WebSite\",\"@id\":\"https:\/\/auditoresvalencianos.com\/#website\",\"url\":\"https:\/\/auditoresvalencianos.com\/\",\"name\":\"Auditores Valencianos Asociados\",\"description\":\"Auditor\u00eda de Cuentas y Consultor\u00eda Empresarial\",\"publisher\":{\"@id\":\"https:\/\/auditoresvalencianos.com\/#organization\"},\"potentialAction\":[{\"@type\":\"SearchAction\",\"target\":{\"@type\":\"EntryPoint\",\"urlTemplate\":\"https:\/\/auditoresvalencianos.com\/?s={search_term_string}\"},\"query-input\":\"required name=search_term_string\"}],\"inLanguage\":\"en-GB\"},{\"@type\":\"Organization\",\"@id\":\"https:\/\/auditoresvalencianos.com\/#organization\",\"name\":\"Auditores Valencianos Asociados\",\"url\":\"https:\/\/auditoresvalencianos.com\/\",\"logo\":{\"@type\":\"ImageObject\",\"inLanguage\":\"en-GB\",\"@id\":\"https:\/\/auditoresvalencianos.com\/#\/schema\/logo\/image\/\",\"url\":\"https:\/\/auditoresvalencianos.com\/wp-content\/uploads\/2023\/05\/logo-auditores-valencianos-h-r-370-footer.png\",\"contentUrl\":\"https:\/\/auditoresvalencianos.com\/wp-content\/uploads\/2023\/05\/logo-auditores-valencianos-h-r-370-footer.png\",\"width\":370,\"height\":80,\"caption\":\"Auditores Valencianos Asociados\"},\"image\":{\"@id\":\"https:\/\/auditoresvalencianos.com\/#\/schema\/logo\/image\/\"}}]}<\/script>\n<!-- \/ Yoast SEO plugin. -->","yoast_head_json":{"title":"Consultor\u00eda - Auditores Valencianos Asociados","robots":{"index":"index","follow":"follow","max-snippet":"max-snippet:-1","max-image-preview":"max-image-preview:large","max-video-preview":"max-video-preview:-1"},"canonical":"https:\/\/auditoresvalencianos.com\/en\/consultoria\/","og_locale":"en_GB","og_type":"article","og_title":"Consultor\u00eda - Auditores Valencianos Asociados","og_description":"SERVICIOS Consultor\u00eda Nuestros Servicios en Consultor\u00eda: &#8211; Asistencia, completa o restringida, en la preparaci\u00f3n del proyecto de fusi\u00f3n, de escisi\u00f3n o en la valoraci\u00f3n de los elementos aportados.&#8211; Actuaciones como expertos independientes, en fusiones, escisiones y aportaciones no dinerarias. Estudios de viabilidad de Empresas.&#8211; Valoraciones de Empresas y partes de Empresas (valoraciones financieras), bien como [&hellip;]","og_url":"https:\/\/auditoresvalencianos.com\/en\/consultoria\/","og_site_name":"Auditores Valencianos Asociados","article_modified_time":"2023-05-15T09:02:25+00:00","og_image":[{"url":"http:\/\/auditoresvalencianos.com\/wp-content\/uploads\/2023\/04\/servicios-3.jpg"}],"twitter_card":"summary_large_image","twitter_misc":{"Estimated reading time":"1 minute"},"schema":{"@context":"https:\/\/schema.org","@graph":[{"@type":"WebPage","@id":"https:\/\/auditoresvalencianos.com\/consultoria\/","url":"https:\/\/auditoresvalencianos.com\/consultoria\/","name":"Consultor\u00eda - Auditores Valencianos Asociados","isPartOf":{"@id":"https:\/\/auditoresvalencianos.com\/#website"},"primaryImageOfPage":{"@id":"https:\/\/auditoresvalencianos.com\/consultoria\/#primaryimage"},"image":{"@id":"https:\/\/auditoresvalencianos.com\/consultoria\/#primaryimage"},"thumbnailUrl":"http:\/\/auditoresvalencianos.com\/wp-content\/uploads\/2023\/04\/servicios-3.jpg","datePublished":"2023-05-02T10:00:41+00:00","dateModified":"2023-05-15T09:02:25+00:00","breadcrumb":{"@id":"https:\/\/auditoresvalencianos.com\/consultoria\/#breadcrumb"},"inLanguage":"en-GB","potentialAction":[{"@type":"ReadAction","target":["https:\/\/auditoresvalencianos.com\/consultoria\/"]}]},{"@type":"ImageObject","inLanguage":"en-GB","@id":"https:\/\/auditoresvalencianos.com\/consultoria\/#primaryimage","url":"http:\/\/auditoresvalencianos.com\/wp-content\/uploads\/2023\/04\/servicios-3.jpg","contentUrl":"http:\/\/auditoresvalencianos.com\/wp-content\/uploads\/2023\/04\/servicios-3.jpg"},{"@type":"BreadcrumbList","@id":"https:\/\/auditoresvalencianos.com\/consultoria\/#breadcrumb","itemListElement":[{"@type":"ListItem","position":1,"name":"Portada","item":"https:\/\/auditoresvalencianos.com\/"},{"@type":"ListItem","position":2,"name":"Consultor\u00eda"}]},{"@type":"WebSite","@id":"https:\/\/auditoresvalencianos.com\/#website","url":"https:\/\/auditoresvalencianos.com\/","name":"Auditores Valencianos Asociados","description":"Auditor\u00eda de Cuentas y Consultor\u00eda Empresarial","publisher":{"@id":"https:\/\/auditoresvalencianos.com\/#organization"},"potentialAction":[{"@type":"SearchAction","target":{"@type":"EntryPoint","urlTemplate":"https:\/\/auditoresvalencianos.com\/?s={search_term_string}"},"query-input":"required name=search_term_string"}],"inLanguage":"en-GB"},{"@type":"Organization","@id":"https:\/\/auditoresvalencianos.com\/#organization","name":"Auditores Valencianos Asociados","url":"https:\/\/auditoresvalencianos.com\/","logo":{"@type":"ImageObject","inLanguage":"en-GB","@id":"https:\/\/auditoresvalencianos.com\/#\/schema\/logo\/image\/","url":"https:\/\/auditoresvalencianos.com\/wp-content\/uploads\/2023\/05\/logo-auditores-valencianos-h-r-370-footer.png","contentUrl":"https:\/\/auditoresvalencianos.com\/wp-content\/uploads\/2023\/05\/logo-auditores-valencianos-h-r-370-footer.png","width":370,"height":80,"caption":"Auditores Valencianos Asociados"},"image":{"@id":"https:\/\/auditoresvalencianos.com\/#\/schema\/logo\/image\/"}}]}},"_links":{"self":[{"href":"https:\/\/auditoresvalencianos.com\/en\/wp-json\/wp\/v2\/pages\/16528","targetHints":{"allow":["GET"]}}],"collection":[{"href":"https:\/\/auditoresvalencianos.com\/en\/wp-json\/wp\/v2\/pages"}],"about":[{"href":"https:\/\/auditoresvalencianos.com\/en\/wp-json\/wp\/v2\/types\/page"}],"author":[{"embeddable":true,"href":"https:\/\/auditoresvalencianos.com\/en\/wp-json\/wp\/v2\/users\/1"}],"replies":[{"embeddable":true,"href":"https:\/\/auditoresvalencianos.com\/en\/wp-json\/wp\/v2\/comments?post=16528"}],"version-history":[{"count":49,"href":"https:\/\/auditoresvalencianos.com\/en\/wp-json\/wp\/v2\/pages\/16528\/revisions"}],"predecessor-version":[{"id":17221,"href":"https:\/\/auditoresvalencianos.com\/en\/wp-json\/wp\/v2\/pages\/16528\/revisions\/17221"}],"wp:attachment":[{"href":"https:\/\/auditoresvalencianos.com\/en\/wp-json\/wp\/v2\/media?parent=16528"}],"curies":[{"name":"wp","href":"https:\/\/api.w.org\/{rel}","templated":true}]}}