{"id":16555,"date":"2023-05-02T10:00:41","date_gmt":"2023-05-02T10:00:41","guid":{"rendered":"https:\/\/web.auditoresvalencianos.com\/?page_id=16555"},"modified":"2023-05-05T12:10:58","modified_gmt":"2023-05-05T12:10:58","slug":"trabaja-con-nosotros","status":"publish","type":"page","link":"https:\/\/auditoresvalencianos.com\/en\/trabaja-con-nosotros\/","title":{"rendered":"Work with us"},"content":{"rendered":"<div data-elementor-type=\"wp-page\" data-elementor-id=\"16555\" class=\"elementor elementor-16555\">\n\t\t\t\t\t\t\t\t\t<section class=\"elementor-section elementor-top-section elementor-element elementor-element-afc3b84 elementor-section-boxed elementor-section-height-default elementor-section-height-default\" data-id=\"afc3b84\" data-element_type=\"section\">\n\t\t\t\t\t\t<div class=\"elementor-container elementor-column-gap-default\">\n\t\t\t\t\t<div class=\"elementor-column elementor-col-50 elementor-top-column elementor-element elementor-element-d6b14a9\" data-id=\"d6b14a9\" data-element_type=\"column\">\n\t\t\t<div class=\"elementor-widget-wrap elementor-element-populated\">\n\t\t\t\t\t\t\t\t<div class=\"elementor-element elementor-element-1a74e3a elementor-widget__width-initial bplan-star-rating--align-center elementor-widget elementor-widget-witr_section_title\" data-id=\"1a74e3a\" data-element_type=\"widget\" data-widget_type=\"witr_section_title.default\">\n\t\t\t\t<div class=\"elementor-widget-container\">\n\t\t\t\t\t\t\t\t<!-- title left -->\n\t\t\t\t\t<div class=\"witr_section_title\">\n\t\t\t\t\t\t<div class=\"witr_section_title_inner text-left\">\n\t\t\t\t\t\t\n\t\t\t\t\t\t\t<!-- icon position -->\n\t\t\t\t\t\t\t\t\n\t\t\t\t\t\t\t<!-- end icon position -->\n\t\t\t\t\t\t\n\t\t\t\t\t\t\n\t\t\t\t\t\t\t<!-- title top -->\n\t\t\t\t\t\t\t\t\t\t\t\t\t\t\t<h2>WORK WITH US<\/h2>\t\t\n\t\t\t\t\t\t\t\n\t\t\t\t\t\t\t<!-- icon position -->\n\t\t\t\t\t\t\t\t\n\t\t\t\t\t\t\t<!-- end icon position -->\n\n\t\t\t\t\t\t\t\n\t\t\t\t\t\t\t<!-- title middle -->\n\t\t\t\t\t\t\t\t\t\t\t\t\t\t\t<h3>Auditores Valencianos Asociados\n<\/h3>\t\t\n\t\t\t\t\t\t\t\t\t\t\t\t\t\t<!-- title bottom -->\n\t\t\t\t\t\t\t\t\t\t\t\t\t\t\n\t\t\t\t\t\t\t<!-- icon position -->\n\t\t\t\t\t\t\t\t\t\t\t\t\t\t\n\t\t\t\t\t\t\t<!-- image -->\n\t\t\t\t\t\t\t\t\t\t\t\t\t\t<!-- icon -->\n\t\t\t\t\t\t\t\t\t\t\t\t\t\t\n\t\t\t\t\t\t\t<!-- bar -->\n\t\t\t\t\t\t\t\t\t\t\t\t\t\t<!-- circle bar -->\n\t\t\t\t\t\t\t\t\t\t\t\t\t\t\n\t\t\t\t\t\t\t\t\n\t\t\t\t\t\t\t<!-- end icon position -->\n\n\t\t\t\t\t\t\t<!-- content -->\n\t\t\t\t\t\t\t\t\t\t\t\t\t<\/div>\n\t\t\t\t\t\t\t<!-- inner title -->\n\t\t\t\t\t\t\t\t\t\t\t\t\t\n\t\t\t\t\t<\/div>\t\t\t\t\n\t\t\t\t\t\t<\/div>\n\t\t\t\t<\/div>\n\t\t\t\t<div class=\"elementor-element elementor-element-0fad465 elementor-widget elementor-widget-text-editor\" data-id=\"0fad465\" data-element_type=\"widget\" data-widget_type=\"text-editor.default\">\n\t\t\t\t<div class=\"elementor-widget-container\">\n\t\t\t<style>\/*! elementor - v3.12.2 - 23-04-2023 *\/\n.elementor-widget-text-editor.elementor-drop-cap-view-stacked .elementor-drop-cap{background-color:#69727d;color:#fff}.elementor-widget-text-editor.elementor-drop-cap-view-framed .elementor-drop-cap{color:#69727d;border:3px solid;background-color:transparent}.elementor-widget-text-editor:not(.elementor-drop-cap-view-default) .elementor-drop-cap{margin-top:8px}.elementor-widget-text-editor:not(.elementor-drop-cap-view-default) .elementor-drop-cap-letter{width:1em;height:1em}.elementor-widget-text-editor .elementor-drop-cap{float:left;text-align:center;line-height:1;font-size:50px}.elementor-widget-text-editor .elementor-drop-cap-letter{display:inline-block}<\/style>\t\t\t\t<p>In\u00a0<strong>Auditores Valencianos Asociados <\/strong>we know that our success depends on our people, of their ability, knowledge and motivation.<\/p><p>We want to incorporate the graduates in our office, where you&#039;ll find a unique opportunity to develop a solid professional career and learn what it means to work with companies of different sizes and in different sectors.<\/p><p>The prestige and the variety of our clients, along with our range of services allows us to provide you with the opportunity to work and get a rewarding experience in different organizations and work environments. In your first stage in\u00a0<strong>Auditores Valencianos Asociados<\/strong>\u00a0you will be continuously learning, developing the necessary skills to work with customers.<\/p><p>Those who choose to work in\u00a0<strong>Auditores Valencianos Asociados<\/strong>\u00a0not just for our full training program. They like our culture, our transparency and our commitment to the community, the sense of teamwork and, above all, for the people who work here.<\/p><p>We share a commitment of service to our customers, we work for, and in an open culture that recognizes and values the capabilities and differences of each one of us, including attitudes, experiences, skills, and values, both personal and professional.<\/p><p>If you are interested in being part of the team\u00a0<strong>send us your Curriculum Vitae<\/strong><br \/><strong class=\"verde\"><a href=\"mailto:administracion@auditoresvalencianos.com\">administracion@auditoresvalencianos.com<\/a>\u00a0<\/strong><\/p>\t\t\t\t\t\t<\/div>\n\t\t\t\t<\/div>\n\t\t\t\t\t<\/div>\n\t\t<\/div>\n\t\t\t\t<div class=\"elementor-column elementor-col-50 elementor-top-column elementor-element elementor-element-8167963\" data-id=\"8167963\" data-element_type=\"column\">\n\t\t\t<div class=\"elementor-widget-wrap elementor-element-populated\">\n\t\t\t\t\t\t\t\t<div class=\"elementor-element elementor-element-4bbd3a6 bplan-star-rating--align-center elementor-widget elementor-widget-witr_section_s_image\" data-id=\"4bbd3a6\" data-element_type=\"widget\" data-widget_type=\"witr_section_s_image.default\">\n\t\t\t\t<div class=\"elementor-widget-container\">\n\t\t\t\t\n\t\t<div class=\"single_image_area\">\n\t\t\t<div class=\"single_image single_line_option\">\n\t\t\t\t<!-- image -->\n\t\t\t\t<img loading=\"lazy\" decoding=\"async\" width=\"460\" height=\"510\" src=\"https:\/\/auditoresvalencianos.com\/wp-content\/uploads\/2023\/05\/trabajo.jpg\" class=\"attachment-large size-large wp-image-16563\" alt=\"\" srcset=\"https:\/\/auditoresvalencianos.com\/wp-content\/uploads\/2023\/05\/trabajo.jpg 460w, https:\/\/auditoresvalencianos.com\/wp-content\/uploads\/2023\/05\/trabajo-271x300.jpg 271w\" sizes=\"auto, (max-width: 460px) 100vw, 460px\" \/>\t\t\n\t\t\t\t\t\t\t\t\t\t\t<\/div>\n\t\t<\/div>\n\t\t\t\n\t\t\t\n\t\t\n\t\t\t\n\t\t\t\t<\/div>\n\t\t\t\t<\/div>\n\t\t\t\t\t<\/div>\n\t\t<\/div>\n\t\t\t\t\t\t\t<\/div>\n\t\t<\/section>\n\t\t\t\t\t\t\t<\/div>","protected":false},"excerpt":{"rendered":"<p>TRABAJA CON NOSOTROS Auditores Valencianos Asociados En\u00a0Auditores Valencianos Asociados sabemos que nuestro \u00e9xito depende de nuestra gente, de su capacidad, conocimiento y motivaci\u00f3n. Queremos incorporar licenciados en nuestra oficina, en las que podr\u00e1s encontrar una oportunidad \u00fanica para desarrollar una s\u00f3lida carrera profesional y aprender lo que significa trabajar con empresas de diferentes tama\u00f1os y [&hellip;]<\/p>","protected":false},"author":1,"featured_media":0,"parent":0,"menu_order":0,"comment_status":"closed","ping_status":"closed","template":"template-home.php","meta":{"footnotes":""},"class_list":["post-16555","page","type-page","status-publish","hentry"],"yoast_head":"<!-- This site is optimized with the Yoast SEO plugin v22.4 - https:\/\/yoast.com\/wordpress\/plugins\/seo\/ -->\n<title>Trabaja con nosotros - Auditores Valencianos Asociados<\/title>\n<meta name=\"robots\" content=\"index, follow, max-snippet:-1, max-image-preview:large, max-video-preview:-1\" \/>\n<link rel=\"canonical\" href=\"https:\/\/auditoresvalencianos.com\/en\/trabaja-con-nosotros\/\" \/>\n<meta property=\"og:locale\" content=\"en_GB\" \/>\n<meta property=\"og:type\" content=\"article\" \/>\n<meta property=\"og:title\" content=\"Trabaja con nosotros - Auditores Valencianos Asociados\" \/>\n<meta property=\"og:description\" content=\"TRABAJA CON NOSOTROS Auditores Valencianos Asociados En\u00a0Auditores Valencianos Asociados sabemos que nuestro \u00e9xito depende de nuestra gente, de su capacidad, conocimiento y motivaci\u00f3n. Queremos incorporar licenciados en nuestra oficina, en las que podr\u00e1s encontrar una oportunidad \u00fanica para desarrollar una s\u00f3lida carrera profesional y aprender lo que significa trabajar con empresas de diferentes tama\u00f1os y [&hellip;]\" \/>\n<meta property=\"og:url\" content=\"https:\/\/auditoresvalencianos.com\/en\/trabaja-con-nosotros\/\" \/>\n<meta property=\"og:site_name\" content=\"Auditores Valencianos Asociados\" \/>\n<meta property=\"article:modified_time\" content=\"2023-05-05T12:10:58+00:00\" \/>\n<meta property=\"og:image\" content=\"http:\/\/web.auditoresvalencianos.com\/wp-content\/uploads\/2023\/05\/trabajo.jpg\" \/>\n<meta name=\"twitter:card\" content=\"summary_large_image\" \/>\n<meta name=\"twitter:label1\" content=\"Estimated reading time\" \/>\n\t<meta name=\"twitter:data1\" content=\"1 minute\" \/>\n<script type=\"application\/ld+json\" class=\"yoast-schema-graph\">{\"@context\":\"https:\/\/schema.org\",\"@graph\":[{\"@type\":\"WebPage\",\"@id\":\"https:\/\/auditoresvalencianos.com\/trabaja-con-nosotros\/\",\"url\":\"https:\/\/auditoresvalencianos.com\/trabaja-con-nosotros\/\",\"name\":\"Trabaja con nosotros - Auditores Valencianos Asociados\",\"isPartOf\":{\"@id\":\"https:\/\/auditoresvalencianos.com\/#website\"},\"primaryImageOfPage\":{\"@id\":\"https:\/\/auditoresvalencianos.com\/trabaja-con-nosotros\/#primaryimage\"},\"image\":{\"@id\":\"https:\/\/auditoresvalencianos.com\/trabaja-con-nosotros\/#primaryimage\"},\"thumbnailUrl\":\"http:\/\/web.auditoresvalencianos.com\/wp-content\/uploads\/2023\/05\/trabajo.jpg\",\"datePublished\":\"2023-05-02T10:00:41+00:00\",\"dateModified\":\"2023-05-05T12:10:58+00:00\",\"breadcrumb\":{\"@id\":\"https:\/\/auditoresvalencianos.com\/trabaja-con-nosotros\/#breadcrumb\"},\"inLanguage\":\"en-GB\",\"potentialAction\":[{\"@type\":\"ReadAction\",\"target\":[\"https:\/\/auditoresvalencianos.com\/trabaja-con-nosotros\/\"]}]},{\"@type\":\"ImageObject\",\"inLanguage\":\"en-GB\",\"@id\":\"https:\/\/auditoresvalencianos.com\/trabaja-con-nosotros\/#primaryimage\",\"url\":\"http:\/\/web.auditoresvalencianos.com\/wp-content\/uploads\/2023\/05\/trabajo.jpg\",\"contentUrl\":\"http:\/\/web.auditoresvalencianos.com\/wp-content\/uploads\/2023\/05\/trabajo.jpg\"},{\"@type\":\"BreadcrumbList\",\"@id\":\"https:\/\/auditoresvalencianos.com\/trabaja-con-nosotros\/#breadcrumb\",\"itemListElement\":[{\"@type\":\"ListItem\",\"position\":1,\"name\":\"Portada\",\"item\":\"https:\/\/auditoresvalencianos.com\/\"},{\"@type\":\"ListItem\",\"position\":2,\"name\":\"Trabaja con nosotros\"}]},{\"@type\":\"WebSite\",\"@id\":\"https:\/\/auditoresvalencianos.com\/#website\",\"url\":\"https:\/\/auditoresvalencianos.com\/\",\"name\":\"Auditores Valencianos Asociados\",\"description\":\"Auditor\u00eda de Cuentas y Consultor\u00eda Empresarial\",\"publisher\":{\"@id\":\"https:\/\/auditoresvalencianos.com\/#organization\"},\"potentialAction\":[{\"@type\":\"SearchAction\",\"target\":{\"@type\":\"EntryPoint\",\"urlTemplate\":\"https:\/\/auditoresvalencianos.com\/?s={search_term_string}\"},\"query-input\":\"required name=search_term_string\"}],\"inLanguage\":\"en-GB\"},{\"@type\":\"Organization\",\"@id\":\"https:\/\/auditoresvalencianos.com\/#organization\",\"name\":\"Auditores Valencianos Asociados\",\"url\":\"https:\/\/auditoresvalencianos.com\/\",\"logo\":{\"@type\":\"ImageObject\",\"inLanguage\":\"en-GB\",\"@id\":\"https:\/\/auditoresvalencianos.com\/#\/schema\/logo\/image\/\",\"url\":\"https:\/\/auditoresvalencianos.com\/wp-content\/uploads\/2023\/05\/logo-auditores-valencianos-h-r-370-footer.png\",\"contentUrl\":\"https:\/\/auditoresvalencianos.com\/wp-content\/uploads\/2023\/05\/logo-auditores-valencianos-h-r-370-footer.png\",\"width\":370,\"height\":80,\"caption\":\"Auditores Valencianos Asociados\"},\"image\":{\"@id\":\"https:\/\/auditoresvalencianos.com\/#\/schema\/logo\/image\/\"}}]}<\/script>\n<!-- \/ Yoast SEO plugin. -->","yoast_head_json":{"title":"Trabaja con nosotros - Auditores Valencianos Asociados","robots":{"index":"index","follow":"follow","max-snippet":"max-snippet:-1","max-image-preview":"max-image-preview:large","max-video-preview":"max-video-preview:-1"},"canonical":"https:\/\/auditoresvalencianos.com\/en\/trabaja-con-nosotros\/","og_locale":"en_GB","og_type":"article","og_title":"Trabaja con nosotros - Auditores Valencianos Asociados","og_description":"TRABAJA CON NOSOTROS Auditores Valencianos Asociados En\u00a0Auditores Valencianos Asociados sabemos que nuestro \u00e9xito depende de nuestra gente, de su capacidad, conocimiento y motivaci\u00f3n. Queremos incorporar licenciados en nuestra oficina, en las que podr\u00e1s encontrar una oportunidad \u00fanica para desarrollar una s\u00f3lida carrera profesional y aprender lo que significa trabajar con empresas de diferentes tama\u00f1os y [&hellip;]","og_url":"https:\/\/auditoresvalencianos.com\/en\/trabaja-con-nosotros\/","og_site_name":"Auditores Valencianos Asociados","article_modified_time":"2023-05-05T12:10:58+00:00","og_image":[{"url":"http:\/\/web.auditoresvalencianos.com\/wp-content\/uploads\/2023\/05\/trabajo.jpg"}],"twitter_card":"summary_large_image","twitter_misc":{"Estimated reading time":"1 minute"},"schema":{"@context":"https:\/\/schema.org","@graph":[{"@type":"WebPage","@id":"https:\/\/auditoresvalencianos.com\/trabaja-con-nosotros\/","url":"https:\/\/auditoresvalencianos.com\/trabaja-con-nosotros\/","name":"Trabaja con nosotros - Auditores Valencianos Asociados","isPartOf":{"@id":"https:\/\/auditoresvalencianos.com\/#website"},"primaryImageOfPage":{"@id":"https:\/\/auditoresvalencianos.com\/trabaja-con-nosotros\/#primaryimage"},"image":{"@id":"https:\/\/auditoresvalencianos.com\/trabaja-con-nosotros\/#primaryimage"},"thumbnailUrl":"http:\/\/web.auditoresvalencianos.com\/wp-content\/uploads\/2023\/05\/trabajo.jpg","datePublished":"2023-05-02T10:00:41+00:00","dateModified":"2023-05-05T12:10:58+00:00","breadcrumb":{"@id":"https:\/\/auditoresvalencianos.com\/trabaja-con-nosotros\/#breadcrumb"},"inLanguage":"en-GB","potentialAction":[{"@type":"ReadAction","target":["https:\/\/auditoresvalencianos.com\/trabaja-con-nosotros\/"]}]},{"@type":"ImageObject","inLanguage":"en-GB","@id":"https:\/\/auditoresvalencianos.com\/trabaja-con-nosotros\/#primaryimage","url":"http:\/\/web.auditoresvalencianos.com\/wp-content\/uploads\/2023\/05\/trabajo.jpg","contentUrl":"http:\/\/web.auditoresvalencianos.com\/wp-content\/uploads\/2023\/05\/trabajo.jpg"},{"@type":"BreadcrumbList","@id":"https:\/\/auditoresvalencianos.com\/trabaja-con-nosotros\/#breadcrumb","itemListElement":[{"@type":"ListItem","position":1,"name":"Portada","item":"https:\/\/auditoresvalencianos.com\/"},{"@type":"ListItem","position":2,"name":"Trabaja con nosotros"}]},{"@type":"WebSite","@id":"https:\/\/auditoresvalencianos.com\/#website","url":"https:\/\/auditoresvalencianos.com\/","name":"Auditores Valencianos Asociados","description":"Auditor\u00eda de Cuentas y Consultor\u00eda Empresarial","publisher":{"@id":"https:\/\/auditoresvalencianos.com\/#organization"},"potentialAction":[{"@type":"SearchAction","target":{"@type":"EntryPoint","urlTemplate":"https:\/\/auditoresvalencianos.com\/?s={search_term_string}"},"query-input":"required name=search_term_string"}],"inLanguage":"en-GB"},{"@type":"Organization","@id":"https:\/\/auditoresvalencianos.com\/#organization","name":"Auditores Valencianos Asociados","url":"https:\/\/auditoresvalencianos.com\/","logo":{"@type":"ImageObject","inLanguage":"en-GB","@id":"https:\/\/auditoresvalencianos.com\/#\/schema\/logo\/image\/","url":"https:\/\/auditoresvalencianos.com\/wp-content\/uploads\/2023\/05\/logo-auditores-valencianos-h-r-370-footer.png","contentUrl":"https:\/\/auditoresvalencianos.com\/wp-content\/uploads\/2023\/05\/logo-auditores-valencianos-h-r-370-footer.png","width":370,"height":80,"caption":"Auditores Valencianos Asociados"},"image":{"@id":"https:\/\/auditoresvalencianos.com\/#\/schema\/logo\/image\/"}}]}},"_links":{"self":[{"href":"https:\/\/auditoresvalencianos.com\/en\/wp-json\/wp\/v2\/pages\/16555","targetHints":{"allow":["GET"]}}],"collection":[{"href":"https:\/\/auditoresvalencianos.com\/en\/wp-json\/wp\/v2\/pages"}],"about":[{"href":"https:\/\/auditoresvalencianos.com\/en\/wp-json\/wp\/v2\/types\/page"}],"author":[{"embeddable":true,"href":"https:\/\/auditoresvalencianos.com\/en\/wp-json\/wp\/v2\/users\/1"}],"replies":[{"embeddable":true,"href":"https:\/\/auditoresvalencianos.com\/en\/wp-json\/wp\/v2\/comments?post=16555"}],"version-history":[{"count":34,"href":"https:\/\/auditoresvalencianos.com\/en\/wp-json\/wp\/v2\/pages\/16555\/revisions"}],"predecessor-version":[{"id":17103,"href":"https:\/\/auditoresvalencianos.com\/en\/wp-json\/wp\/v2\/pages\/16555\/revisions\/17103"}],"wp:attachment":[{"href":"https:\/\/auditoresvalencianos.com\/en\/wp-json\/wp\/v2\/media?parent=16555"}],"curies":[{"name":"wp","href":"https:\/\/api.w.org\/{rel}","templated":true}]}}