{"id":16587,"date":"2023-05-02T10:00:41","date_gmt":"2023-05-02T10:00:41","guid":{"rendered":"https:\/\/web.auditoresvalencianos.com\/?page_id=16587"},"modified":"2023-05-05T11:29:02","modified_gmt":"2023-05-05T11:29:02","slug":"filosofia","status":"publish","type":"page","link":"https:\/\/auditoresvalencianos.com\/en\/filosofia\/","title":{"rendered":"Philosophy"},"content":{"rendered":"<div data-elementor-type=\"wp-page\" data-elementor-id=\"16587\" class=\"elementor elementor-16587\">\n\t\t\t\t\t\t\t\t\t<section class=\"elementor-section elementor-top-section elementor-element elementor-element-afc3b84 elementor-section-boxed elementor-section-height-default elementor-section-height-default\" data-id=\"afc3b84\" data-element_type=\"section\">\n\t\t\t\t\t\t<div class=\"elementor-container elementor-column-gap-default\">\n\t\t\t\t\t<div class=\"elementor-column elementor-col-50 elementor-top-column elementor-element elementor-element-d6b14a9\" data-id=\"d6b14a9\" data-element_type=\"column\">\n\t\t\t<div class=\"elementor-widget-wrap elementor-element-populated\">\n\t\t\t\t\t\t\t\t<div class=\"elementor-element elementor-element-1a74e3a elementor-widget__width-initial bplan-star-rating--align-center elementor-widget elementor-widget-witr_section_title\" data-id=\"1a74e3a\" data-element_type=\"widget\" data-widget_type=\"witr_section_title.default\">\n\t\t\t\t<div class=\"elementor-widget-container\">\n\t\t\t\t\t\t\t\t<!-- title left -->\n\t\t\t\t\t<div class=\"witr_section_title\">\n\t\t\t\t\t\t<div class=\"witr_section_title_inner text-left\">\n\t\t\t\t\t\t\n\t\t\t\t\t\t\t<!-- icon position -->\n\t\t\t\t\t\t\t\t\n\t\t\t\t\t\t\t<!-- end icon position -->\n\t\t\t\t\t\t\n\t\t\t\t\t\t\n\t\t\t\t\t\t\t<!-- title top -->\n\t\t\t\t\t\t\t\t\t\t\t\t\t\t\t<h2>PHILOSOPHY<\/h2>\t\t\n\t\t\t\t\t\t\t\n\t\t\t\t\t\t\t<!-- icon position -->\n\t\t\t\t\t\t\t\t\n\t\t\t\t\t\t\t<!-- end icon position -->\n\n\t\t\t\t\t\t\t\n\t\t\t\t\t\t\t<!-- title middle -->\n\t\t\t\t\t\t\t\t\t\t\t\t\t\t\t<h3>Auditores Valencianos Asociados\n<\/h3>\t\t\n\t\t\t\t\t\t\t\t\t\t\t\t\t\t<!-- title bottom -->\n\t\t\t\t\t\t\t\t\t\t\t\t\t\t\n\t\t\t\t\t\t\t<!-- icon position -->\n\t\t\t\t\t\t\t\t\t\t\t\t\t\t\n\t\t\t\t\t\t\t<!-- image -->\n\t\t\t\t\t\t\t\t\t\t\t\t\t\t<!-- icon -->\n\t\t\t\t\t\t\t\t\t\t\t\t\t\t\n\t\t\t\t\t\t\t<!-- bar -->\n\t\t\t\t\t\t\t\t\t\t\t\t\t\t<!-- circle bar -->\n\t\t\t\t\t\t\t\t\t\t\t\t\t\t\n\t\t\t\t\t\t\t\t\n\t\t\t\t\t\t\t<!-- end icon position -->\n\n\t\t\t\t\t\t\t<!-- content -->\n\t\t\t\t\t\t\t\t\t\t\t\t\t<\/div>\n\t\t\t\t\t\t\t<!-- inner title -->\n\t\t\t\t\t\t\t\t\t\t\t\t\t\n\t\t\t\t\t<\/div>\t\t\t\t\n\t\t\t\t\t\t<\/div>\n\t\t\t\t<\/div>\n\t\t\t\t<div class=\"elementor-element elementor-element-a777723 elementor-widget elementor-widget-text-editor\" data-id=\"a777723\" data-element_type=\"widget\" data-widget_type=\"text-editor.default\">\n\t\t\t\t<div class=\"elementor-widget-container\">\n\t\t\t<style>\/*! elementor - v3.12.2 - 23-04-2023 *\/\n.elementor-widget-text-editor.elementor-drop-cap-view-stacked .elementor-drop-cap{background-color:#69727d;color:#fff}.elementor-widget-text-editor.elementor-drop-cap-view-framed .elementor-drop-cap{color:#69727d;border:3px solid;background-color:transparent}.elementor-widget-text-editor:not(.elementor-drop-cap-view-default) .elementor-drop-cap{margin-top:8px}.elementor-widget-text-editor:not(.elementor-drop-cap-view-default) .elementor-drop-cap-letter{width:1em;height:1em}.elementor-widget-text-editor .elementor-drop-cap{float:left;text-align:center;line-height:1;font-size:50px}.elementor-widget-text-editor .elementor-drop-cap-letter{display:inline-block}<\/style>\t\t\t\t<p><strong>Professional independence, confidentiality and the technical competence of our staff are core values of our philosophy and are recognized by our customers.<\/strong><\/p><p>This potential human and technical means available, allow us to guarantee a high level of quality and efficiency in the delivery of our Professional Services. Our staff is the best and most important asset that we dedicate unwavering attention, with training programmes to update their knowledge and enhance their capabilities.<\/p><p>Our company philosophy, which focuses on the continuous improvement of human relations and professional assessor-auditor, does not forget the need to master the computer-based techniques. Specialists of our organization to use computer software for Audit and Analysis of Financial statements, that allow you to treat complex problems or important volume, saving time and money for our clients.<\/p><p>Our firm and its professionals belong to the following professional corporations and associations:<\/p><p>\u2013 Institute of chartered accountants (ICJC), which is one of the three corporations audit professionals in Spain.<br \/>\u2013 The Spanish association of Accounting and Business Administration (AECA), which carries out studies in the fields of principles and rules of accounting, organization and systems, business valuation, and accounting management.<br \/>\u2013 Registration of expert accountants (REC).<br \/>\u2013 Record of Economists, Auditors (REA).<\/p>\t\t\t\t\t\t<\/div>\n\t\t\t\t<\/div>\n\t\t\t\t\t<\/div>\n\t\t<\/div>\n\t\t\t\t<div class=\"elementor-column elementor-col-50 elementor-top-column elementor-element elementor-element-8167963\" data-id=\"8167963\" data-element_type=\"column\">\n\t\t\t<div class=\"elementor-widget-wrap elementor-element-populated\">\n\t\t\t\t\t\t\t\t<div class=\"elementor-element elementor-element-4bbd3a6 bplan-star-rating--align-center elementor-widget elementor-widget-witr_section_s_image\" data-id=\"4bbd3a6\" data-element_type=\"widget\" data-widget_type=\"witr_section_s_image.default\">\n\t\t\t\t<div class=\"elementor-widget-container\">\n\t\t\t\t\n\t\t<div class=\"single_image_area\">\n\t\t\t<div class=\"single_image single_line_option\">\n\t\t\t\t<!-- image -->\n\t\t\t\t<img loading=\"lazy\" decoding=\"async\" width=\"460\" height=\"510\" src=\"https:\/\/auditoresvalencianos.com\/wp-content\/uploads\/2023\/05\/filosofia.jpg\" class=\"attachment-large size-large wp-image-16610\" alt=\"\" srcset=\"https:\/\/auditoresvalencianos.com\/wp-content\/uploads\/2023\/05\/filosofia.jpg 460w, https:\/\/auditoresvalencianos.com\/wp-content\/uploads\/2023\/05\/filosofia-271x300.jpg 271w\" sizes=\"auto, (max-width: 460px) 100vw, 460px\" \/>\t\t\n\t\t\t\t\t\t\t\t\t\t\t<\/div>\n\t\t<\/div>\n\t\t\t\n\t\t\t\n\t\t\n\t\t\t\n\t\t\t\t<\/div>\n\t\t\t\t<\/div>\n\t\t\t\t\t<\/div>\n\t\t<\/div>\n\t\t\t\t\t\t\t<\/div>\n\t\t<\/section>\n\t\t\t\t\t\t\t<\/div>","protected":false},"excerpt":{"rendered":"<p>FILOSOF\u00cdA Auditores Valencianos Asociados La independencia profesional, la confidencialidad y la competencia t\u00e9cnica de nuestro personal son valores fundamentales de nuestra filosof\u00eda y son reconocidos por nuestros clientes. Este potencial humano y los medios t\u00e9cnicos disponibles, nos permiten garantizar un alto nivel de calidad y eficiencia en la prestaci\u00f3n de nuestros Servicios Profesionales. Nuestro personal [&hellip;]<\/p>","protected":false},"author":1,"featured_media":0,"parent":0,"menu_order":0,"comment_status":"closed","ping_status":"closed","template":"template-home.php","meta":{"footnotes":""},"class_list":["post-16587","page","type-page","status-publish","hentry"],"yoast_head":"<!-- This site is optimized with the Yoast SEO plugin v22.4 - https:\/\/yoast.com\/wordpress\/plugins\/seo\/ -->\n<title>Filosof\u00eda - Auditores Valencianos Asociados<\/title>\n<meta name=\"robots\" content=\"index, follow, max-snippet:-1, max-image-preview:large, max-video-preview:-1\" \/>\n<link rel=\"canonical\" href=\"https:\/\/auditoresvalencianos.com\/en\/filosofia\/\" \/>\n<meta property=\"og:locale\" content=\"en_GB\" \/>\n<meta property=\"og:type\" content=\"article\" \/>\n<meta property=\"og:title\" content=\"Filosof\u00eda - Auditores Valencianos Asociados\" \/>\n<meta property=\"og:description\" content=\"FILOSOF\u00cdA Auditores Valencianos Asociados La independencia profesional, la confidencialidad y la competencia t\u00e9cnica de nuestro personal son valores fundamentales de nuestra filosof\u00eda y son reconocidos por nuestros clientes. Este potencial humano y los medios t\u00e9cnicos disponibles, nos permiten garantizar un alto nivel de calidad y eficiencia en la prestaci\u00f3n de nuestros Servicios Profesionales. Nuestro personal [&hellip;]\" \/>\n<meta property=\"og:url\" content=\"https:\/\/auditoresvalencianos.com\/en\/filosofia\/\" \/>\n<meta property=\"og:site_name\" content=\"Auditores Valencianos Asociados\" \/>\n<meta property=\"article:modified_time\" content=\"2023-05-05T11:29:02+00:00\" \/>\n<meta property=\"og:image\" content=\"http:\/\/web.auditoresvalencianos.com\/wp-content\/uploads\/2023\/05\/filosofia.jpg\" \/>\n<meta name=\"twitter:card\" content=\"summary_large_image\" \/>\n<meta name=\"twitter:label1\" content=\"Estimated reading time\" \/>\n\t<meta name=\"twitter:data1\" content=\"1 minute\" \/>\n<script type=\"application\/ld+json\" class=\"yoast-schema-graph\">{\"@context\":\"https:\/\/schema.org\",\"@graph\":[{\"@type\":\"WebPage\",\"@id\":\"https:\/\/auditoresvalencianos.com\/filosofia\/\",\"url\":\"https:\/\/auditoresvalencianos.com\/filosofia\/\",\"name\":\"Filosof\u00eda - Auditores Valencianos Asociados\",\"isPartOf\":{\"@id\":\"https:\/\/auditoresvalencianos.com\/#website\"},\"primaryImageOfPage\":{\"@id\":\"https:\/\/auditoresvalencianos.com\/filosofia\/#primaryimage\"},\"image\":{\"@id\":\"https:\/\/auditoresvalencianos.com\/filosofia\/#primaryimage\"},\"thumbnailUrl\":\"http:\/\/web.auditoresvalencianos.com\/wp-content\/uploads\/2023\/05\/filosofia.jpg\",\"datePublished\":\"2023-05-02T10:00:41+00:00\",\"dateModified\":\"2023-05-05T11:29:02+00:00\",\"breadcrumb\":{\"@id\":\"https:\/\/auditoresvalencianos.com\/filosofia\/#breadcrumb\"},\"inLanguage\":\"en-GB\",\"potentialAction\":[{\"@type\":\"ReadAction\",\"target\":[\"https:\/\/auditoresvalencianos.com\/filosofia\/\"]}]},{\"@type\":\"ImageObject\",\"inLanguage\":\"en-GB\",\"@id\":\"https:\/\/auditoresvalencianos.com\/filosofia\/#primaryimage\",\"url\":\"http:\/\/web.auditoresvalencianos.com\/wp-content\/uploads\/2023\/05\/filosofia.jpg\",\"contentUrl\":\"http:\/\/web.auditoresvalencianos.com\/wp-content\/uploads\/2023\/05\/filosofia.jpg\"},{\"@type\":\"BreadcrumbList\",\"@id\":\"https:\/\/auditoresvalencianos.com\/filosofia\/#breadcrumb\",\"itemListElement\":[{\"@type\":\"ListItem\",\"position\":1,\"name\":\"Portada\",\"item\":\"https:\/\/auditoresvalencianos.com\/\"},{\"@type\":\"ListItem\",\"position\":2,\"name\":\"Filosof\u00eda\"}]},{\"@type\":\"WebSite\",\"@id\":\"https:\/\/auditoresvalencianos.com\/#website\",\"url\":\"https:\/\/auditoresvalencianos.com\/\",\"name\":\"Auditores Valencianos Asociados\",\"description\":\"Auditor\u00eda de Cuentas y Consultor\u00eda Empresarial\",\"publisher\":{\"@id\":\"https:\/\/auditoresvalencianos.com\/#organization\"},\"potentialAction\":[{\"@type\":\"SearchAction\",\"target\":{\"@type\":\"EntryPoint\",\"urlTemplate\":\"https:\/\/auditoresvalencianos.com\/?s={search_term_string}\"},\"query-input\":\"required name=search_term_string\"}],\"inLanguage\":\"en-GB\"},{\"@type\":\"Organization\",\"@id\":\"https:\/\/auditoresvalencianos.com\/#organization\",\"name\":\"Auditores Valencianos Asociados\",\"url\":\"https:\/\/auditoresvalencianos.com\/\",\"logo\":{\"@type\":\"ImageObject\",\"inLanguage\":\"en-GB\",\"@id\":\"https:\/\/auditoresvalencianos.com\/#\/schema\/logo\/image\/\",\"url\":\"https:\/\/auditoresvalencianos.com\/wp-content\/uploads\/2023\/05\/logo-auditores-valencianos-h-r-370-footer.png\",\"contentUrl\":\"https:\/\/auditoresvalencianos.com\/wp-content\/uploads\/2023\/05\/logo-auditores-valencianos-h-r-370-footer.png\",\"width\":370,\"height\":80,\"caption\":\"Auditores Valencianos Asociados\"},\"image\":{\"@id\":\"https:\/\/auditoresvalencianos.com\/#\/schema\/logo\/image\/\"}}]}<\/script>\n<!-- \/ Yoast SEO plugin. -->","yoast_head_json":{"title":"Filosof\u00eda - Auditores Valencianos Asociados","robots":{"index":"index","follow":"follow","max-snippet":"max-snippet:-1","max-image-preview":"max-image-preview:large","max-video-preview":"max-video-preview:-1"},"canonical":"https:\/\/auditoresvalencianos.com\/en\/filosofia\/","og_locale":"en_GB","og_type":"article","og_title":"Filosof\u00eda - Auditores Valencianos Asociados","og_description":"FILOSOF\u00cdA Auditores Valencianos Asociados La independencia profesional, la confidencialidad y la competencia t\u00e9cnica de nuestro personal son valores fundamentales de nuestra filosof\u00eda y son reconocidos por nuestros clientes. Este potencial humano y los medios t\u00e9cnicos disponibles, nos permiten garantizar un alto nivel de calidad y eficiencia en la prestaci\u00f3n de nuestros Servicios Profesionales. Nuestro personal [&hellip;]","og_url":"https:\/\/auditoresvalencianos.com\/en\/filosofia\/","og_site_name":"Auditores Valencianos Asociados","article_modified_time":"2023-05-05T11:29:02+00:00","og_image":[{"url":"http:\/\/web.auditoresvalencianos.com\/wp-content\/uploads\/2023\/05\/filosofia.jpg"}],"twitter_card":"summary_large_image","twitter_misc":{"Estimated reading time":"1 minute"},"schema":{"@context":"https:\/\/schema.org","@graph":[{"@type":"WebPage","@id":"https:\/\/auditoresvalencianos.com\/filosofia\/","url":"https:\/\/auditoresvalencianos.com\/filosofia\/","name":"Filosof\u00eda - Auditores Valencianos Asociados","isPartOf":{"@id":"https:\/\/auditoresvalencianos.com\/#website"},"primaryImageOfPage":{"@id":"https:\/\/auditoresvalencianos.com\/filosofia\/#primaryimage"},"image":{"@id":"https:\/\/auditoresvalencianos.com\/filosofia\/#primaryimage"},"thumbnailUrl":"http:\/\/web.auditoresvalencianos.com\/wp-content\/uploads\/2023\/05\/filosofia.jpg","datePublished":"2023-05-02T10:00:41+00:00","dateModified":"2023-05-05T11:29:02+00:00","breadcrumb":{"@id":"https:\/\/auditoresvalencianos.com\/filosofia\/#breadcrumb"},"inLanguage":"en-GB","potentialAction":[{"@type":"ReadAction","target":["https:\/\/auditoresvalencianos.com\/filosofia\/"]}]},{"@type":"ImageObject","inLanguage":"en-GB","@id":"https:\/\/auditoresvalencianos.com\/filosofia\/#primaryimage","url":"http:\/\/web.auditoresvalencianos.com\/wp-content\/uploads\/2023\/05\/filosofia.jpg","contentUrl":"http:\/\/web.auditoresvalencianos.com\/wp-content\/uploads\/2023\/05\/filosofia.jpg"},{"@type":"BreadcrumbList","@id":"https:\/\/auditoresvalencianos.com\/filosofia\/#breadcrumb","itemListElement":[{"@type":"ListItem","position":1,"name":"Portada","item":"https:\/\/auditoresvalencianos.com\/"},{"@type":"ListItem","position":2,"name":"Filosof\u00eda"}]},{"@type":"WebSite","@id":"https:\/\/auditoresvalencianos.com\/#website","url":"https:\/\/auditoresvalencianos.com\/","name":"Auditores Valencianos Asociados","description":"Auditor\u00eda de Cuentas y Consultor\u00eda Empresarial","publisher":{"@id":"https:\/\/auditoresvalencianos.com\/#organization"},"potentialAction":[{"@type":"SearchAction","target":{"@type":"EntryPoint","urlTemplate":"https:\/\/auditoresvalencianos.com\/?s={search_term_string}"},"query-input":"required name=search_term_string"}],"inLanguage":"en-GB"},{"@type":"Organization","@id":"https:\/\/auditoresvalencianos.com\/#organization","name":"Auditores Valencianos Asociados","url":"https:\/\/auditoresvalencianos.com\/","logo":{"@type":"ImageObject","inLanguage":"en-GB","@id":"https:\/\/auditoresvalencianos.com\/#\/schema\/logo\/image\/","url":"https:\/\/auditoresvalencianos.com\/wp-content\/uploads\/2023\/05\/logo-auditores-valencianos-h-r-370-footer.png","contentUrl":"https:\/\/auditoresvalencianos.com\/wp-content\/uploads\/2023\/05\/logo-auditores-valencianos-h-r-370-footer.png","width":370,"height":80,"caption":"Auditores Valencianos Asociados"},"image":{"@id":"https:\/\/auditoresvalencianos.com\/#\/schema\/logo\/image\/"}}]}},"_links":{"self":[{"href":"https:\/\/auditoresvalencianos.com\/en\/wp-json\/wp\/v2\/pages\/16587","targetHints":{"allow":["GET"]}}],"collection":[{"href":"https:\/\/auditoresvalencianos.com\/en\/wp-json\/wp\/v2\/pages"}],"about":[{"href":"https:\/\/auditoresvalencianos.com\/en\/wp-json\/wp\/v2\/types\/page"}],"author":[{"embeddable":true,"href":"https:\/\/auditoresvalencianos.com\/en\/wp-json\/wp\/v2\/users\/1"}],"replies":[{"embeddable":true,"href":"https:\/\/auditoresvalencianos.com\/en\/wp-json\/wp\/v2\/comments?post=16587"}],"version-history":[{"count":31,"href":"https:\/\/auditoresvalencianos.com\/en\/wp-json\/wp\/v2\/pages\/16587\/revisions"}],"predecessor-version":[{"id":17073,"href":"https:\/\/auditoresvalencianos.com\/en\/wp-json\/wp\/v2\/pages\/16587\/revisions\/17073"}],"wp:attachment":[{"href":"https:\/\/auditoresvalencianos.com\/en\/wp-json\/wp\/v2\/media?parent=16587"}],"curies":[{"name":"wp","href":"https:\/\/api.w.org\/{rel}","templated":true}]}}