{"id":16995,"date":"2023-05-02T10:00:41","date_gmt":"2023-05-02T10:00:41","guid":{"rendered":"https:\/\/web.auditoresvalencianos.com\/?page_id=16995"},"modified":"2023-05-05T08:22:57","modified_gmt":"2023-05-05T08:22:57","slug":"politica-de-cookies","status":"publish","type":"page","link":"https:\/\/auditoresvalencianos.com\/en\/politica-de-cookies\/","title":{"rendered":"Cookie policy"},"content":{"rendered":"<div data-elementor-type=\"wp-page\" data-elementor-id=\"16995\" class=\"elementor elementor-16995\">\n\t\t\t\t\t\t\t\t\t<section class=\"elementor-section elementor-top-section elementor-element elementor-element-afc3b84 elementor-section-boxed elementor-section-height-default elementor-section-height-default\" data-id=\"afc3b84\" data-element_type=\"section\">\n\t\t\t\t\t\t<div class=\"elementor-container elementor-column-gap-default\">\n\t\t\t\t\t<div class=\"elementor-column elementor-col-100 elementor-top-column elementor-element elementor-element-d6b14a9\" data-id=\"d6b14a9\" data-element_type=\"column\">\n\t\t\t<div class=\"elementor-widget-wrap elementor-element-populated\">\n\t\t\t\t\t\t\t\t<div class=\"elementor-element elementor-element-1a74e3a elementor-widget__width-initial bplan-star-rating--align-center elementor-widget elementor-widget-witr_section_title\" data-id=\"1a74e3a\" data-element_type=\"widget\" data-widget_type=\"witr_section_title.default\">\n\t\t\t\t<div class=\"elementor-widget-container\">\n\t\t\t\t\t\t\t\t<!-- title left -->\n\t\t\t\t\t<div class=\"witr_section_title\">\n\t\t\t\t\t\t<div class=\"witr_section_title_inner text-left\">\n\t\t\t\t\t\t\n\t\t\t\t\t\t\t<!-- icon position -->\n\t\t\t\t\t\t\t\t\n\t\t\t\t\t\t\t<!-- end icon position -->\n\t\t\t\t\t\t\n\t\t\t\t\t\t\n\t\t\t\t\t\t\t<!-- title top -->\n\t\t\t\t\t\t\t\t\t\t\t\t\t\t\t<h2>COOKIE POLICY\n<\/h2>\t\t\n\t\t\t\t\t\t\t\n\t\t\t\t\t\t\t<!-- icon position -->\n\t\t\t\t\t\t\t\t\n\t\t\t\t\t\t\t<!-- end icon position -->\n\n\t\t\t\t\t\t\t\n\t\t\t\t\t\t\t<!-- title middle -->\n\t\t\t\t\t\t\t\t\t\t\t\t\t\t\t<h3>Auditores Valencianos Asociados\n<\/h3>\t\t\n\t\t\t\t\t\t\t\t\t\t\t\t\t\t<!-- title bottom -->\n\t\t\t\t\t\t\t\t\t\t\t\t\t\t\n\t\t\t\t\t\t\t<!-- icon position -->\n\t\t\t\t\t\t\t\t\t\t\t\t\t\t\n\t\t\t\t\t\t\t<!-- image -->\n\t\t\t\t\t\t\t\t\t\t\t\t\t\t<!-- icon -->\n\t\t\t\t\t\t\t\t\t\t\t\t\t\t\n\t\t\t\t\t\t\t<!-- bar -->\n\t\t\t\t\t\t\t\t\t\t\t\t\t\t<!-- circle bar -->\n\t\t\t\t\t\t\t\t\t\t\t\t\t\t\n\t\t\t\t\t\t\t\t\n\t\t\t\t\t\t\t<!-- end icon position -->\n\n\t\t\t\t\t\t\t<!-- content -->\n\t\t\t\t\t\t\t\t\t\t\t\t\t<\/div>\n\t\t\t\t\t\t\t<!-- inner title -->\n\t\t\t\t\t\t\t\t\t\t\t\t\t\n\t\t\t\t\t<\/div>\t\t\t\t\n\t\t\t\t\t\t<\/div>\n\t\t\t\t<\/div>\n\t\t\t\t<div class=\"elementor-element elementor-element-0fad465 elementor-widget elementor-widget-text-editor\" data-id=\"0fad465\" data-element_type=\"widget\" data-widget_type=\"text-editor.default\">\n\t\t\t\t<div class=\"elementor-widget-container\">\n\t\t\t<style>\/*! elementor - v3.12.2 - 23-04-2023 *\/\n.elementor-widget-text-editor.elementor-drop-cap-view-stacked .elementor-drop-cap{background-color:#69727d;color:#fff}.elementor-widget-text-editor.elementor-drop-cap-view-framed .elementor-drop-cap{color:#69727d;border:3px solid;background-color:transparent}.elementor-widget-text-editor:not(.elementor-drop-cap-view-default) .elementor-drop-cap{margin-top:8px}.elementor-widget-text-editor:not(.elementor-drop-cap-view-default) .elementor-drop-cap-letter{width:1em;height:1em}.elementor-widget-text-editor .elementor-drop-cap{float:left;text-align:center;line-height:1;font-size:50px}.elementor-widget-text-editor .elementor-drop-cap-letter{display:inline-block}<\/style>\t\t\t\t<p>A\u00a0<em>cookie<\/em>\u00a0is a small text file that is stored in your browser when you visit almost any web page. Its usefulness is that the web is able to remember your visit when you return to browse that page. The\u00a0<em>cookies<\/em>\u00a0usually store information of a technical nature, personal preferences, personalization of content, usage statistics, links to social networks, access to user accounts, etc The objective of the\u00a0<em>cookie<\/em>\u00a0is to adapt the web content to their profile and needs, without\u00a0<em>cookies<\/em>\u00a0the services offered by any page be diminished significantly.<\/p><h2>Cookies used on this website<\/h2><p>Following the guidelines of the Spanish Agency for Data Protection we proceed to detail the use of\u00a0<em>cookies<\/em>\u00a0that makes this website in order to inform you with the best possible accuracy.<\/p><p>This website uses the following\u00a0<strong>first-party cookies<\/strong>:<\/p><p>\u2013 Session Cookies, to ensure that users who write comments on the blog are human and not automated applications. This is to combat the <em>spam<\/em>.<\/p><p>This website uses the following\u00a0<strong>third party cookies<\/strong>:<\/p><p>\u2013 Google Analytics: Stores <em>cookies<\/em>\u00a0to be able to compile statistics on traffic and volume of visits of this website. By using this website, you are consenting to the processing of data about you by Google. Therefore, the exercise of any right in this sense must do so by communicating directly with Google.<\/p><p>\u2013 Social networks: Each social network uses its own <em>cookies<\/em>\u00a0for that you can click on buttons type\u00a0<em>I like it<\/em>\u00a0or\u00a0<em>Share<\/em>.<\/p><h2>Deactivation or elimination of cookies<\/h2><p>At any time you may exercise your right of deactivation or elimination of cookies on this website. These actions are performed differently depending on the browser you are using.<\/p><h2>Additional notes<\/h2><p>\u2013 Neither this website nor its legal representatives are responsible for their content or the veracity of the privacy policies that may have the third parties mentioned in this policy <em>cookies<\/em>.<\/p><p>\u2013 Web browsers are the tools in charge of storing the <em>cookies<\/em>\u00a0and from this place should carry their right to removal or disabling them. Neither this website nor its legal representatives can guarantee the correct or incorrect handling of the\u00a0<em>cookies<\/em>\u00a0by the mentioned browsers.<\/p><p>\u2013 In some cases it is necessary to install <em>cookies<\/em>\u00a0so that the browser does not forget its decision of not accepting them.<\/p><p>\u2013 In the case of the <em>cookies<\/em>\u00a0Google Analytics, this company stores\u00a0<em>cookies<\/em>\u00a0on servers located in the united States and undertakes not to share it with third parties, except in the cases in which it is necessary for the operation of the system or when the law obliges to that effect. According to Google does not save your IP address. Google Inc. it is a company adhering to the Safe Harbor Agreement that guarantees that all transferred data will be treated with a level of protection according to the european regulations.<\/p><p>\u2013 For any doubt or query about this policy <em>cookies<\/em>\u00a0do not hesitate to contact us through the contact section.<\/p>\t\t\t\t\t\t<\/div>\n\t\t\t\t<\/div>\n\t\t\t\t\t<\/div>\n\t\t<\/div>\n\t\t\t\t\t\t\t<\/div>\n\t\t<\/section>\n\t\t\t\t\t\t\t<\/div>","protected":false},"excerpt":{"rendered":"<p>POL\u00cdTICA DE COOKIES Auditores Valencianos Asociados Una\u00a0cookie\u00a0es un peque\u00f1o fichero de texto que se almacena en su navegador cuando visita casi cualquier p\u00e1gina web. Su utilidad es que la web sea capaz de recordar su visita cuando vuelva a navegar por esa p\u00e1gina. Las\u00a0cookies\u00a0suelen almacenar informaci\u00f3n de car\u00e1cter t\u00e9cnico, preferencias personales, personalizaci\u00f3n de contenidos, estad\u00edsticas [&hellip;]<\/p>","protected":false},"author":1,"featured_media":0,"parent":0,"menu_order":0,"comment_status":"closed","ping_status":"closed","template":"template-home.php","meta":{"footnotes":""},"class_list":["post-16995","page","type-page","status-publish","hentry"],"yoast_head":"<!-- This site is optimized with the Yoast SEO plugin v22.4 - https:\/\/yoast.com\/wordpress\/plugins\/seo\/ -->\n<title>Pol\u00edtica de cookies - Auditores Valencianos Asociados<\/title>\n<meta name=\"robots\" content=\"index, follow, max-snippet:-1, max-image-preview:large, max-video-preview:-1\" \/>\n<link rel=\"canonical\" href=\"https:\/\/auditoresvalencianos.com\/en\/politica-de-cookies\/\" \/>\n<meta property=\"og:locale\" content=\"en_GB\" \/>\n<meta property=\"og:type\" content=\"article\" \/>\n<meta property=\"og:title\" content=\"Pol\u00edtica de cookies - Auditores Valencianos Asociados\" \/>\n<meta property=\"og:description\" content=\"POL\u00cdTICA DE COOKIES Auditores Valencianos Asociados Una\u00a0cookie\u00a0es un peque\u00f1o fichero de texto que se almacena en su navegador cuando visita casi cualquier p\u00e1gina web. Su utilidad es que la web sea capaz de recordar su visita cuando vuelva a navegar por esa p\u00e1gina. Las\u00a0cookies\u00a0suelen almacenar informaci\u00f3n de car\u00e1cter t\u00e9cnico, preferencias personales, personalizaci\u00f3n de contenidos, estad\u00edsticas [&hellip;]\" \/>\n<meta property=\"og:url\" content=\"https:\/\/auditoresvalencianos.com\/en\/politica-de-cookies\/\" \/>\n<meta property=\"og:site_name\" content=\"Auditores Valencianos Asociados\" \/>\n<meta property=\"article:modified_time\" content=\"2023-05-05T08:22:57+00:00\" \/>\n<meta name=\"twitter:card\" content=\"summary_large_image\" \/>\n<meta name=\"twitter:label1\" content=\"Estimated reading time\" \/>\n\t<meta name=\"twitter:data1\" content=\"3 minutes\" \/>\n<script type=\"application\/ld+json\" class=\"yoast-schema-graph\">{\"@context\":\"https:\/\/schema.org\",\"@graph\":[{\"@type\":\"WebPage\",\"@id\":\"https:\/\/auditoresvalencianos.com\/politica-de-cookies\/\",\"url\":\"https:\/\/auditoresvalencianos.com\/politica-de-cookies\/\",\"name\":\"Pol\u00edtica de cookies - Auditores Valencianos Asociados\",\"isPartOf\":{\"@id\":\"https:\/\/auditoresvalencianos.com\/#website\"},\"datePublished\":\"2023-05-02T10:00:41+00:00\",\"dateModified\":\"2023-05-05T08:22:57+00:00\",\"breadcrumb\":{\"@id\":\"https:\/\/auditoresvalencianos.com\/politica-de-cookies\/#breadcrumb\"},\"inLanguage\":\"en-GB\",\"potentialAction\":[{\"@type\":\"ReadAction\",\"target\":[\"https:\/\/auditoresvalencianos.com\/politica-de-cookies\/\"]}]},{\"@type\":\"BreadcrumbList\",\"@id\":\"https:\/\/auditoresvalencianos.com\/politica-de-cookies\/#breadcrumb\",\"itemListElement\":[{\"@type\":\"ListItem\",\"position\":1,\"name\":\"Portada\",\"item\":\"https:\/\/auditoresvalencianos.com\/\"},{\"@type\":\"ListItem\",\"position\":2,\"name\":\"Pol\u00edtica de cookies\"}]},{\"@type\":\"WebSite\",\"@id\":\"https:\/\/auditoresvalencianos.com\/#website\",\"url\":\"https:\/\/auditoresvalencianos.com\/\",\"name\":\"Auditores Valencianos Asociados\",\"description\":\"Auditor\u00eda de Cuentas y Consultor\u00eda Empresarial\",\"publisher\":{\"@id\":\"https:\/\/auditoresvalencianos.com\/#organization\"},\"potentialAction\":[{\"@type\":\"SearchAction\",\"target\":{\"@type\":\"EntryPoint\",\"urlTemplate\":\"https:\/\/auditoresvalencianos.com\/?s={search_term_string}\"},\"query-input\":\"required name=search_term_string\"}],\"inLanguage\":\"en-GB\"},{\"@type\":\"Organization\",\"@id\":\"https:\/\/auditoresvalencianos.com\/#organization\",\"name\":\"Auditores Valencianos Asociados\",\"url\":\"https:\/\/auditoresvalencianos.com\/\",\"logo\":{\"@type\":\"ImageObject\",\"inLanguage\":\"en-GB\",\"@id\":\"https:\/\/auditoresvalencianos.com\/#\/schema\/logo\/image\/\",\"url\":\"https:\/\/auditoresvalencianos.com\/wp-content\/uploads\/2023\/05\/logo-auditores-valencianos-h-r-370-footer.png\",\"contentUrl\":\"https:\/\/auditoresvalencianos.com\/wp-content\/uploads\/2023\/05\/logo-auditores-valencianos-h-r-370-footer.png\",\"width\":370,\"height\":80,\"caption\":\"Auditores Valencianos Asociados\"},\"image\":{\"@id\":\"https:\/\/auditoresvalencianos.com\/#\/schema\/logo\/image\/\"}}]}<\/script>\n<!-- \/ Yoast SEO plugin. -->","yoast_head_json":{"title":"Pol\u00edtica de cookies - Auditores Valencianos Asociados","robots":{"index":"index","follow":"follow","max-snippet":"max-snippet:-1","max-image-preview":"max-image-preview:large","max-video-preview":"max-video-preview:-1"},"canonical":"https:\/\/auditoresvalencianos.com\/en\/politica-de-cookies\/","og_locale":"en_GB","og_type":"article","og_title":"Pol\u00edtica de cookies - Auditores Valencianos Asociados","og_description":"POL\u00cdTICA DE COOKIES Auditores Valencianos Asociados Una\u00a0cookie\u00a0es un peque\u00f1o fichero de texto que se almacena en su navegador cuando visita casi cualquier p\u00e1gina web. Su utilidad es que la web sea capaz de recordar su visita cuando vuelva a navegar por esa p\u00e1gina. Las\u00a0cookies\u00a0suelen almacenar informaci\u00f3n de car\u00e1cter t\u00e9cnico, preferencias personales, personalizaci\u00f3n de contenidos, estad\u00edsticas [&hellip;]","og_url":"https:\/\/auditoresvalencianos.com\/en\/politica-de-cookies\/","og_site_name":"Auditores Valencianos Asociados","article_modified_time":"2023-05-05T08:22:57+00:00","twitter_card":"summary_large_image","twitter_misc":{"Estimated reading time":"3 minutes"},"schema":{"@context":"https:\/\/schema.org","@graph":[{"@type":"WebPage","@id":"https:\/\/auditoresvalencianos.com\/politica-de-cookies\/","url":"https:\/\/auditoresvalencianos.com\/politica-de-cookies\/","name":"Pol\u00edtica de cookies - Auditores Valencianos Asociados","isPartOf":{"@id":"https:\/\/auditoresvalencianos.com\/#website"},"datePublished":"2023-05-02T10:00:41+00:00","dateModified":"2023-05-05T08:22:57+00:00","breadcrumb":{"@id":"https:\/\/auditoresvalencianos.com\/politica-de-cookies\/#breadcrumb"},"inLanguage":"en-GB","potentialAction":[{"@type":"ReadAction","target":["https:\/\/auditoresvalencianos.com\/politica-de-cookies\/"]}]},{"@type":"BreadcrumbList","@id":"https:\/\/auditoresvalencianos.com\/politica-de-cookies\/#breadcrumb","itemListElement":[{"@type":"ListItem","position":1,"name":"Portada","item":"https:\/\/auditoresvalencianos.com\/"},{"@type":"ListItem","position":2,"name":"Pol\u00edtica de cookies"}]},{"@type":"WebSite","@id":"https:\/\/auditoresvalencianos.com\/#website","url":"https:\/\/auditoresvalencianos.com\/","name":"Auditores Valencianos Asociados","description":"Auditor\u00eda de Cuentas y Consultor\u00eda Empresarial","publisher":{"@id":"https:\/\/auditoresvalencianos.com\/#organization"},"potentialAction":[{"@type":"SearchAction","target":{"@type":"EntryPoint","urlTemplate":"https:\/\/auditoresvalencianos.com\/?s={search_term_string}"},"query-input":"required name=search_term_string"}],"inLanguage":"en-GB"},{"@type":"Organization","@id":"https:\/\/auditoresvalencianos.com\/#organization","name":"Auditores Valencianos Asociados","url":"https:\/\/auditoresvalencianos.com\/","logo":{"@type":"ImageObject","inLanguage":"en-GB","@id":"https:\/\/auditoresvalencianos.com\/#\/schema\/logo\/image\/","url":"https:\/\/auditoresvalencianos.com\/wp-content\/uploads\/2023\/05\/logo-auditores-valencianos-h-r-370-footer.png","contentUrl":"https:\/\/auditoresvalencianos.com\/wp-content\/uploads\/2023\/05\/logo-auditores-valencianos-h-r-370-footer.png","width":370,"height":80,"caption":"Auditores Valencianos Asociados"},"image":{"@id":"https:\/\/auditoresvalencianos.com\/#\/schema\/logo\/image\/"}}]}},"_links":{"self":[{"href":"https:\/\/auditoresvalencianos.com\/en\/wp-json\/wp\/v2\/pages\/16995","targetHints":{"allow":["GET"]}}],"collection":[{"href":"https:\/\/auditoresvalencianos.com\/en\/wp-json\/wp\/v2\/pages"}],"about":[{"href":"https:\/\/auditoresvalencianos.com\/en\/wp-json\/wp\/v2\/types\/page"}],"author":[{"embeddable":true,"href":"https:\/\/auditoresvalencianos.com\/en\/wp-json\/wp\/v2\/users\/1"}],"replies":[{"embeddable":true,"href":"https:\/\/auditoresvalencianos.com\/en\/wp-json\/wp\/v2\/comments?post=16995"}],"version-history":[{"count":8,"href":"https:\/\/auditoresvalencianos.com\/en\/wp-json\/wp\/v2\/pages\/16995\/revisions"}],"predecessor-version":[{"id":17004,"href":"https:\/\/auditoresvalencianos.com\/en\/wp-json\/wp\/v2\/pages\/16995\/revisions\/17004"}],"wp:attachment":[{"href":"https:\/\/auditoresvalencianos.com\/en\/wp-json\/wp\/v2\/media?parent=16995"}],"curies":[{"name":"wp","href":"https:\/\/api.w.org\/{rel}","templated":true}]}}