{"id":17006,"date":"2023-05-02T10:00:41","date_gmt":"2023-05-02T10:00:41","guid":{"rendered":"https:\/\/web.auditoresvalencianos.com\/?page_id=17006"},"modified":"2023-05-08T06:05:31","modified_gmt":"2023-05-08T06:05:31","slug":"politica-de-privacidad","status":"publish","type":"page","link":"https:\/\/auditoresvalencianos.com\/en\/politica-de-privacidad\/","title":{"rendered":"Privacy policy"},"content":{"rendered":"<div data-elementor-type=\"wp-page\" data-elementor-id=\"17006\" class=\"elementor elementor-17006\">\n\t\t\t\t\t\t\t\t\t<section class=\"elementor-section elementor-top-section elementor-element elementor-element-afc3b84 elementor-section-boxed elementor-section-height-default elementor-section-height-default\" data-id=\"afc3b84\" data-element_type=\"section\">\n\t\t\t\t\t\t<div class=\"elementor-container elementor-column-gap-default\">\n\t\t\t\t\t<div class=\"elementor-column elementor-col-100 elementor-top-column elementor-element elementor-element-d6b14a9\" data-id=\"d6b14a9\" data-element_type=\"column\">\n\t\t\t<div class=\"elementor-widget-wrap elementor-element-populated\">\n\t\t\t\t\t\t\t\t<div class=\"elementor-element elementor-element-1a74e3a elementor-widget__width-initial bplan-star-rating--align-center elementor-widget elementor-widget-witr_section_title\" data-id=\"1a74e3a\" data-element_type=\"widget\" data-widget_type=\"witr_section_title.default\">\n\t\t\t\t<div class=\"elementor-widget-container\">\n\t\t\t\t\t\t\t\t<!-- title left -->\n\t\t\t\t\t<div class=\"witr_section_title\">\n\t\t\t\t\t\t<div class=\"witr_section_title_inner text-left\">\n\t\t\t\t\t\t\n\t\t\t\t\t\t\t<!-- icon position -->\n\t\t\t\t\t\t\t\t\n\t\t\t\t\t\t\t<!-- end icon position -->\n\t\t\t\t\t\t\n\t\t\t\t\t\t\n\t\t\t\t\t\t\t<!-- title top -->\n\t\t\t\t\t\t\t\t\t\t\t\t\t\t\t<h2>PRIVACY POLICY\n<\/h2>\t\t\n\t\t\t\t\t\t\t\n\t\t\t\t\t\t\t<!-- icon position -->\n\t\t\t\t\t\t\t\t\n\t\t\t\t\t\t\t<!-- end icon position -->\n\n\t\t\t\t\t\t\t\n\t\t\t\t\t\t\t<!-- title middle -->\n\t\t\t\t\t\t\t\t\t\t\t\t\t\t\t<h3>Auditores Valencianos Asociados\n<\/h3>\t\t\n\t\t\t\t\t\t\t\t\t\t\t\t\t\t<!-- title bottom -->\n\t\t\t\t\t\t\t\t\t\t\t\t\t\t\n\t\t\t\t\t\t\t<!-- icon position -->\n\t\t\t\t\t\t\t\t\t\t\t\t\t\t\n\t\t\t\t\t\t\t<!-- image -->\n\t\t\t\t\t\t\t\t\t\t\t\t\t\t<!-- icon -->\n\t\t\t\t\t\t\t\t\t\t\t\t\t\t\n\t\t\t\t\t\t\t<!-- bar -->\n\t\t\t\t\t\t\t\t\t\t\t\t\t\t<!-- circle bar -->\n\t\t\t\t\t\t\t\t\t\t\t\t\t\t\n\t\t\t\t\t\t\t\t\n\t\t\t\t\t\t\t<!-- end icon position -->\n\n\t\t\t\t\t\t\t<!-- content -->\n\t\t\t\t\t\t\t\t\t\t\t\t\t<\/div>\n\t\t\t\t\t\t\t<!-- inner title -->\n\t\t\t\t\t\t\t\t\t\t\t\t\t\n\t\t\t\t\t<\/div>\t\t\t\t\n\t\t\t\t\t\t<\/div>\n\t\t\t\t<\/div>\n\t\t\t\t<div class=\"elementor-element elementor-element-0fad465 elementor-widget elementor-widget-text-editor\" data-id=\"0fad465\" data-element_type=\"widget\" data-widget_type=\"text-editor.default\">\n\t\t\t\t<div class=\"elementor-widget-container\">\n\t\t\t<style>\/*! elementor - v3.12.2 - 23-04-2023 *\/\n.elementor-widget-text-editor.elementor-drop-cap-view-stacked .elementor-drop-cap{background-color:#69727d;color:#fff}.elementor-widget-text-editor.elementor-drop-cap-view-framed .elementor-drop-cap{color:#69727d;border:3px solid;background-color:transparent}.elementor-widget-text-editor:not(.elementor-drop-cap-view-default) .elementor-drop-cap{margin-top:8px}.elementor-widget-text-editor:not(.elementor-drop-cap-view-default) .elementor-drop-cap-letter{width:1em;height:1em}.elementor-widget-text-editor .elementor-drop-cap{float:left;text-align:center;line-height:1;font-size:50px}.elementor-widget-text-editor .elementor-drop-cap-letter{display:inline-block}<\/style>\t\t\t\t<p>Auditores Valencianos Asociados, SL informs you on this page on your Privacy Policy regarding the processing and protection of personal data of users and customers that may be collected while browsing, when you buy a product or hire a service, through this Web site.<\/p><p>In this regard, Auditores Valencianos Asociados, SL, complies with the Regulation (EU) 2016\/679 of the European Parliament and of the Council of 27 April 2016 on the protection of natural persons (RGPD) and ensures compliance with the regulations in force in protection of personal data, reflected in Organic Law 3\/2018, of December 5, on Personal Data Protection and Guarantee of Digital Rights (LOPD GDD).\u00a0<\/p><p>The use of the Website implies acceptance of this Privacy Policy, as well as the terms and conditions contained in the Legal Notice<\/p><p><b><strong><em>RESPONSIBLE FOR PROCESSING DATA<\/em><\/strong><\/b><\/p><p>Identity: Auditores Valencianos Asociados, SL (CIF: B-46716270)<br \/>Physical address: C\/ Jer\u00f3nimo Mu\u00f1oz, 20 Mezzanine B1, Valencia 46007, SPAIN<br \/>E-mail: administracion@auditoresvalencianos.com<br \/>Phone: 653 96 25 52<\/p><p><b><strong><em><br \/>PURPOSE OF THE DATA PROCESSING<\/em><\/strong><\/b><\/p><p>The main purpose of the treatment will be to manage the customer data for the purposes of managing orders and quotes of the technology products and services that we offer, billing, troubleshooting, customer service consultation and after-sales service support and incident management and quality of service.<\/p><p>In addition, it allows you expressly assign your data that we may contact you by any means of contact provided with the goal of commercial communications or informative. When you subscribe to our guide, or make an order or an inquiry, you provide us with your e-mail address, postal address and\/or phone and we are expressly authorizing him to send you advertising related to our products and services by any means (postal, email or telephone) and invite you to events organized by the company<\/p><p><b><strong><em><br \/>PERIOD OF CONSERVATION OF DATA<\/em><\/strong><\/b><\/p><p>The data will be retained under the applicable law in commercial law. You can exercise your right of cancellation, rectification or removal at any time.<\/p><p><b><strong><em><br \/>LEGITIMATION IN THE TREATMENT OF THE DATA<\/em><\/strong><\/b><\/p><p>Legal basis: Execution of a contract (commercial)<\/p><p>Legal obligation (Royal Legislative Decree 1\/2007, of 16 November, and other complementary standards, Code of Commerce)<\/p><p><b><strong><em><br \/>RECIPIENTS OF THE DATA<\/em><\/strong><\/b><\/p><p>Assignee(s): Tax Administration, Banking Institutions, Public Administration with jurisdiction in the matter, collaborating Companies<\/p><p><b><strong><em><br \/>EXERCISE OF RIGHTS<\/em><\/strong><\/b><\/p><p>Access, rectification, opposition, deletion, automated decisions, limitation, portability<\/p><p>Response time: 1 month<\/p><p>You can exercise your rights through the following means: Email to administracion@auditoresvalencianos.com, providing documentation that proves the identity of the applicant (copy of the front of the National Identity Document, or equivalent)<\/p><p>In any case, you can request the protection of the Spanish Agency for Data Protection through its website<\/p><p><b><strong><em><br \/>CHANGES TO THIS PRIVACY POLICY<\/em><\/strong><\/b><\/p><p>We reserve the right to amend this policy to adapt it to legislative or jurisprudential developments, as well as to industry practices. In such cases, will be published on this page the changes introduced.<\/p><table><tbody><tr><td colspan=\"2\" width=\"621\"><b>Summary table about the privacy of data<\/b><\/td><\/tr><tr><td colspan=\"2\" width=\"621\">Data of the Responsible<\/td><\/tr><tr><td width=\"177\">Identity<\/td><td width=\"444\">Auditores Valencianos Asociados, SL (CIF: B-46716270)<\/td><\/tr><tr><td width=\"177\">Physical address<\/td><td width=\"444\">C\/ Jer\u00f3nimo Mu\u00f1oz, 20 Mezzanine B1, Valencia 46007, SPAIN<\/td><\/tr><tr><td width=\"177\">E-mail<\/td><td width=\"444\">administracion@auditoresvalencianos.com<\/td><\/tr><tr><td width=\"177\">Phone<\/td><td width=\"444\">653 96 25 52<\/td><\/tr><tr><td colspan=\"2\" width=\"621\">Purpose in the treatment of their data<\/td><\/tr><tr><td width=\"177\">Main<\/td><td width=\"444\">Manage customer data for the purposes of managing orders and quotes of the technology products and services that we offer, billing, troubleshooting, customer service consultation and after-sales service support and incident management and quality of service.<\/td><\/tr><tr><td width=\"177\">Retention schedule<\/td><td width=\"444\">The data will be retained under the applicable law in commercial law<\/td><\/tr><tr><td colspan=\"2\" width=\"621\">Legitimation in the treatment of your data<\/td><\/tr><tr><td width=\"177\">Legal basis<\/td><td width=\"444\"><p>Execution of a contract (commercial)<\/p><p>Legal obligation (Royal Legislative Decree 1\/2007, of 16 November, and other complementary standards, Code of Commerce)<\/p><\/td><\/tr><tr><td colspan=\"2\" width=\"621\">Recipients of your data<\/td><\/tr><tr><td width=\"177\">Transferee(s)<\/td><td width=\"444\"><p>Tax administration, Banking Institutions, Public Administration with jurisdiction over the matter<\/p><p>Collaborating companies<\/p><\/td><\/tr><tr><td colspan=\"2\" width=\"621\">Exercise of rights<\/td><\/tr><tr><td width=\"177\"><p>Access, rectification, opposition, deletion, automated decisions, limitation, portability<\/p><p>Response time: 1 month<\/p><\/td><td width=\"444\"><p>You can exercise your rights through the following means:<\/p><p>Email to administracion@auditoresvalencianos.com, providing documentation that proves the identity of the applicant (copy of the front of the National Identity Document, or equivalent)<\/p><p>In any case, you can request the protection of the Spanish Agency for Data Protection through its website<\/p><\/td><\/tr><\/tbody><\/table>\t\t\t\t\t\t<\/div>\n\t\t\t\t<\/div>\n\t\t\t\t\t<\/div>\n\t\t<\/div>\n\t\t\t\t\t\t\t<\/div>\n\t\t<\/section>\n\t\t\t\t\t\t\t<\/div>","protected":false},"excerpt":{"rendered":"<p>POL\u00cdTICA DE PRIVACIDAD Auditores Valencianos Asociados Auditores Valencianos Asociados, S.L. le informa en esta p\u00e1gina sobre su Pol\u00edtica de Privacidad respecto del tratamiento y protecci\u00f3n de los datos de car\u00e1cter personal de los usuarios y clientes que puedan ser recabados durante la navegaci\u00f3n, al comprar un producto o contratar un servicio a trav\u00e9s de este [&hellip;]<\/p>","protected":false},"author":1,"featured_media":0,"parent":0,"menu_order":0,"comment_status":"closed","ping_status":"closed","template":"template-home.php","meta":{"footnotes":""},"class_list":["post-17006","page","type-page","status-publish","hentry"],"yoast_head":"<!-- This site is optimized with the Yoast SEO plugin v22.4 - https:\/\/yoast.com\/wordpress\/plugins\/seo\/ -->\n<title>Pol\u00edtica de privacidad - Auditores Valencianos Asociados<\/title>\n<meta name=\"robots\" content=\"index, follow, max-snippet:-1, max-image-preview:large, max-video-preview:-1\" \/>\n<link rel=\"canonical\" href=\"https:\/\/auditoresvalencianos.com\/en\/politica-de-privacidad\/\" \/>\n<meta property=\"og:locale\" content=\"en_GB\" \/>\n<meta property=\"og:type\" content=\"article\" \/>\n<meta property=\"og:title\" content=\"Pol\u00edtica de privacidad - Auditores Valencianos Asociados\" \/>\n<meta property=\"og:description\" content=\"POL\u00cdTICA DE PRIVACIDAD Auditores Valencianos Asociados Auditores Valencianos Asociados, S.L. le informa en esta p\u00e1gina sobre su Pol\u00edtica de Privacidad respecto del tratamiento y protecci\u00f3n de los datos de car\u00e1cter personal de los usuarios y clientes que puedan ser recabados durante la navegaci\u00f3n, al comprar un producto o contratar un servicio a trav\u00e9s de este [&hellip;]\" \/>\n<meta property=\"og:url\" content=\"https:\/\/auditoresvalencianos.com\/en\/politica-de-privacidad\/\" \/>\n<meta property=\"og:site_name\" content=\"Auditores Valencianos Asociados\" \/>\n<meta property=\"article:modified_time\" content=\"2023-05-08T06:05:31+00:00\" \/>\n<meta name=\"twitter:card\" content=\"summary_large_image\" \/>\n<meta name=\"twitter:label1\" content=\"Estimated reading time\" \/>\n\t<meta name=\"twitter:data1\" content=\"4 minutes\" \/>\n<script type=\"application\/ld+json\" class=\"yoast-schema-graph\">{\"@context\":\"https:\/\/schema.org\",\"@graph\":[{\"@type\":\"WebPage\",\"@id\":\"https:\/\/auditoresvalencianos.com\/politica-de-privacidad\/\",\"url\":\"https:\/\/auditoresvalencianos.com\/politica-de-privacidad\/\",\"name\":\"Pol\u00edtica de privacidad - Auditores Valencianos Asociados\",\"isPartOf\":{\"@id\":\"https:\/\/auditoresvalencianos.com\/#website\"},\"datePublished\":\"2023-05-02T10:00:41+00:00\",\"dateModified\":\"2023-05-08T06:05:31+00:00\",\"breadcrumb\":{\"@id\":\"https:\/\/auditoresvalencianos.com\/politica-de-privacidad\/#breadcrumb\"},\"inLanguage\":\"en-GB\",\"potentialAction\":[{\"@type\":\"ReadAction\",\"target\":[\"https:\/\/auditoresvalencianos.com\/politica-de-privacidad\/\"]}]},{\"@type\":\"BreadcrumbList\",\"@id\":\"https:\/\/auditoresvalencianos.com\/politica-de-privacidad\/#breadcrumb\",\"itemListElement\":[{\"@type\":\"ListItem\",\"position\":1,\"name\":\"Portada\",\"item\":\"https:\/\/auditoresvalencianos.com\/\"},{\"@type\":\"ListItem\",\"position\":2,\"name\":\"Pol\u00edtica de privacidad\"}]},{\"@type\":\"WebSite\",\"@id\":\"https:\/\/auditoresvalencianos.com\/#website\",\"url\":\"https:\/\/auditoresvalencianos.com\/\",\"name\":\"Auditores Valencianos Asociados\",\"description\":\"Auditor\u00eda de Cuentas y Consultor\u00eda Empresarial\",\"publisher\":{\"@id\":\"https:\/\/auditoresvalencianos.com\/#organization\"},\"potentialAction\":[{\"@type\":\"SearchAction\",\"target\":{\"@type\":\"EntryPoint\",\"urlTemplate\":\"https:\/\/auditoresvalencianos.com\/?s={search_term_string}\"},\"query-input\":\"required name=search_term_string\"}],\"inLanguage\":\"en-GB\"},{\"@type\":\"Organization\",\"@id\":\"https:\/\/auditoresvalencianos.com\/#organization\",\"name\":\"Auditores Valencianos Asociados\",\"url\":\"https:\/\/auditoresvalencianos.com\/\",\"logo\":{\"@type\":\"ImageObject\",\"inLanguage\":\"en-GB\",\"@id\":\"https:\/\/auditoresvalencianos.com\/#\/schema\/logo\/image\/\",\"url\":\"https:\/\/auditoresvalencianos.com\/wp-content\/uploads\/2023\/05\/logo-auditores-valencianos-h-r-370-footer.png\",\"contentUrl\":\"https:\/\/auditoresvalencianos.com\/wp-content\/uploads\/2023\/05\/logo-auditores-valencianos-h-r-370-footer.png\",\"width\":370,\"height\":80,\"caption\":\"Auditores Valencianos Asociados\"},\"image\":{\"@id\":\"https:\/\/auditoresvalencianos.com\/#\/schema\/logo\/image\/\"}}]}<\/script>\n<!-- \/ Yoast SEO plugin. -->","yoast_head_json":{"title":"Pol\u00edtica de privacidad - Auditores Valencianos Asociados","robots":{"index":"index","follow":"follow","max-snippet":"max-snippet:-1","max-image-preview":"max-image-preview:large","max-video-preview":"max-video-preview:-1"},"canonical":"https:\/\/auditoresvalencianos.com\/en\/politica-de-privacidad\/","og_locale":"en_GB","og_type":"article","og_title":"Pol\u00edtica de privacidad - Auditores Valencianos Asociados","og_description":"POL\u00cdTICA DE PRIVACIDAD Auditores Valencianos Asociados Auditores Valencianos Asociados, S.L. le informa en esta p\u00e1gina sobre su Pol\u00edtica de Privacidad respecto del tratamiento y protecci\u00f3n de los datos de car\u00e1cter personal de los usuarios y clientes que puedan ser recabados durante la navegaci\u00f3n, al comprar un producto o contratar un servicio a trav\u00e9s de este [&hellip;]","og_url":"https:\/\/auditoresvalencianos.com\/en\/politica-de-privacidad\/","og_site_name":"Auditores Valencianos Asociados","article_modified_time":"2023-05-08T06:05:31+00:00","twitter_card":"summary_large_image","twitter_misc":{"Estimated reading time":"4 minutes"},"schema":{"@context":"https:\/\/schema.org","@graph":[{"@type":"WebPage","@id":"https:\/\/auditoresvalencianos.com\/politica-de-privacidad\/","url":"https:\/\/auditoresvalencianos.com\/politica-de-privacidad\/","name":"Pol\u00edtica de privacidad - Auditores Valencianos Asociados","isPartOf":{"@id":"https:\/\/auditoresvalencianos.com\/#website"},"datePublished":"2023-05-02T10:00:41+00:00","dateModified":"2023-05-08T06:05:31+00:00","breadcrumb":{"@id":"https:\/\/auditoresvalencianos.com\/politica-de-privacidad\/#breadcrumb"},"inLanguage":"en-GB","potentialAction":[{"@type":"ReadAction","target":["https:\/\/auditoresvalencianos.com\/politica-de-privacidad\/"]}]},{"@type":"BreadcrumbList","@id":"https:\/\/auditoresvalencianos.com\/politica-de-privacidad\/#breadcrumb","itemListElement":[{"@type":"ListItem","position":1,"name":"Portada","item":"https:\/\/auditoresvalencianos.com\/"},{"@type":"ListItem","position":2,"name":"Pol\u00edtica de privacidad"}]},{"@type":"WebSite","@id":"https:\/\/auditoresvalencianos.com\/#website","url":"https:\/\/auditoresvalencianos.com\/","name":"Auditores Valencianos Asociados","description":"Auditor\u00eda de Cuentas y Consultor\u00eda Empresarial","publisher":{"@id":"https:\/\/auditoresvalencianos.com\/#organization"},"potentialAction":[{"@type":"SearchAction","target":{"@type":"EntryPoint","urlTemplate":"https:\/\/auditoresvalencianos.com\/?s={search_term_string}"},"query-input":"required name=search_term_string"}],"inLanguage":"en-GB"},{"@type":"Organization","@id":"https:\/\/auditoresvalencianos.com\/#organization","name":"Auditores Valencianos Asociados","url":"https:\/\/auditoresvalencianos.com\/","logo":{"@type":"ImageObject","inLanguage":"en-GB","@id":"https:\/\/auditoresvalencianos.com\/#\/schema\/logo\/image\/","url":"https:\/\/auditoresvalencianos.com\/wp-content\/uploads\/2023\/05\/logo-auditores-valencianos-h-r-370-footer.png","contentUrl":"https:\/\/auditoresvalencianos.com\/wp-content\/uploads\/2023\/05\/logo-auditores-valencianos-h-r-370-footer.png","width":370,"height":80,"caption":"Auditores Valencianos Asociados"},"image":{"@id":"https:\/\/auditoresvalencianos.com\/#\/schema\/logo\/image\/"}}]}},"_links":{"self":[{"href":"https:\/\/auditoresvalencianos.com\/en\/wp-json\/wp\/v2\/pages\/17006","targetHints":{"allow":["GET"]}}],"collection":[{"href":"https:\/\/auditoresvalencianos.com\/en\/wp-json\/wp\/v2\/pages"}],"about":[{"href":"https:\/\/auditoresvalencianos.com\/en\/wp-json\/wp\/v2\/types\/page"}],"author":[{"embeddable":true,"href":"https:\/\/auditoresvalencianos.com\/en\/wp-json\/wp\/v2\/users\/1"}],"replies":[{"embeddable":true,"href":"https:\/\/auditoresvalencianos.com\/en\/wp-json\/wp\/v2\/comments?post=17006"}],"version-history":[{"count":31,"href":"https:\/\/auditoresvalencianos.com\/en\/wp-json\/wp\/v2\/pages\/17006\/revisions"}],"predecessor-version":[{"id":17112,"href":"https:\/\/auditoresvalencianos.com\/en\/wp-json\/wp\/v2\/pages\/17006\/revisions\/17112"}],"wp:attachment":[{"href":"https:\/\/auditoresvalencianos.com\/en\/wp-json\/wp\/v2\/media?parent=17006"}],"curies":[{"name":"wp","href":"https:\/\/api.w.org\/{rel}","templated":true}]}}