{"id":360,"date":"2020-06-10T11:50:41","date_gmt":"2020-06-10T11:50:41","guid":{"rendered":"http:\/\/localhost\/context\/?page_id=360"},"modified":"2023-05-09T06:42:03","modified_gmt":"2023-05-09T06:42:03","slug":"la-firma","status":"publish","type":"page","link":"https:\/\/auditoresvalencianos.com\/en\/la-firma\/","title":{"rendered":"Signature"},"content":{"rendered":"<div data-elementor-type=\"wp-page\" data-elementor-id=\"360\" class=\"elementor elementor-360\">\n\t\t\t\t\t\t\t\t\t<section class=\"elementor-section elementor-top-section elementor-element elementor-element-589f020 elementor-section-boxed elementor-section-height-default elementor-section-height-default\" data-id=\"589f020\" data-element_type=\"section\">\n\t\t\t\t\t\t<div class=\"elementor-container elementor-column-gap-default\">\n\t\t\t\t\t<div class=\"elementor-column elementor-col-50 elementor-top-column elementor-element elementor-element-6f7bdd8\" data-id=\"6f7bdd8\" data-element_type=\"column\">\n\t\t\t<div class=\"elementor-widget-wrap elementor-element-populated\">\n\t\t\t\t\t\t\t\t<div class=\"elementor-element elementor-element-895f057 elementor-widget__width-initial bplan-star-rating--align-center elementor-widget elementor-widget-witr_section_title\" data-id=\"895f057\" data-element_type=\"widget\" data-widget_type=\"witr_section_title.default\">\n\t\t\t\t<div class=\"elementor-widget-container\">\n\t\t\t\t\t\t\t\t<!-- title left -->\n\t\t\t\t\t<div class=\"witr_section_title\">\n\t\t\t\t\t\t<div class=\"witr_section_title_inner text-left\">\n\t\t\t\t\t\t\n\t\t\t\t\t\t\t<!-- icon position -->\n\t\t\t\t\t\t\t\t\n\t\t\t\t\t\t\t<!-- end icon position -->\n\t\t\t\t\t\t\n\t\t\t\t\t\t\n\t\t\t\t\t\t\t<!-- title top -->\n\t\t\t\t\t\t\t\t\t\t\t\t\t\t\t<h2>SIGNATURE<\/h2>\t\t\n\t\t\t\t\t\t\t\n\t\t\t\t\t\t\t<!-- icon position -->\n\t\t\t\t\t\t\t\t\n\t\t\t\t\t\t\t<!-- end icon position -->\n\n\t\t\t\t\t\t\t\n\t\t\t\t\t\t\t<!-- title middle -->\n\t\t\t\t\t\t\t\t\t\t\t\t\t\t\t<h3>Auditores Valencianos Asociados\n<\/h3>\t\t\n\t\t\t\t\t\t\t\t\t\t\t\t\t\t<!-- title bottom -->\n\t\t\t\t\t\t\t\t\t\t\t\t\t\t\n\t\t\t\t\t\t\t<!-- icon position -->\n\t\t\t\t\t\t\t\t\t\t\t\t\t\t\n\t\t\t\t\t\t\t<!-- image -->\n\t\t\t\t\t\t\t\t\t\t\t\t\t\t<!-- icon -->\n\t\t\t\t\t\t\t\t\t\t\t\t\t\t\n\t\t\t\t\t\t\t<!-- bar -->\n\t\t\t\t\t\t\t\t\t\t\t\t\t\t<!-- circle bar -->\n\t\t\t\t\t\t\t\t\t\t\t\t\t\t\n\t\t\t\t\t\t\t\t\n\t\t\t\t\t\t\t<!-- end icon position -->\n\n\t\t\t\t\t\t\t<!-- content -->\n\t\t\t\t\t\t\t\t\t\t\t\t\t<\/div>\n\t\t\t\t\t\t\t<!-- inner title -->\n\t\t\t\t\t\t\t\t\t\t\t\t\t\n\t\t\t\t\t<\/div>\t\t\t\t\n\t\t\t\t\t\t<\/div>\n\t\t\t\t<\/div>\n\t\t\t\t<div class=\"elementor-element elementor-element-4bf1e55 elementor-widget elementor-widget-text-editor\" data-id=\"4bf1e55\" data-element_type=\"widget\" data-widget_type=\"text-editor.default\">\n\t\t\t\t<div class=\"elementor-widget-container\">\n\t\t\t<style>\/*! elementor - v3.12.2 - 23-04-2023 *\/\n.elementor-widget-text-editor.elementor-drop-cap-view-stacked .elementor-drop-cap{background-color:#69727d;color:#fff}.elementor-widget-text-editor.elementor-drop-cap-view-framed .elementor-drop-cap{color:#69727d;border:3px solid;background-color:transparent}.elementor-widget-text-editor:not(.elementor-drop-cap-view-default) .elementor-drop-cap{margin-top:8px}.elementor-widget-text-editor:not(.elementor-drop-cap-view-default) .elementor-drop-cap-letter{width:1em;height:1em}.elementor-widget-text-editor .elementor-drop-cap{float:left;text-align:center;line-height:1;font-size:50px}.elementor-widget-text-editor .elementor-drop-cap-letter{display:inline-block}<\/style>\t\t\t\t<p><strong>Auditores Valencianos Asociados<\/strong>was born by the union of several professionals, with extensive experience in business consulting and public entities, that had the idea of creating an organization dedicated to the provision of Audit services and Consulting in business Management.\u00a0<\/p><p>Since 1990, <strong>Auditores Valencianos Asociados<\/strong> is developing a work of counseling in order to meet the needs of the enterprise, public organization or individual in all his affairs. Our advice extends to other branches own Consultancy specializing in work for the company and the public Authorities that looks backed by our experience, wide network of specialists and connections with other consultants, both in Spain and in the rest of the countries of the European Economic Community, and in the rest of the world.<\/p>\t\t\t\t\t\t<\/div>\n\t\t\t\t<\/div>\n\t\t\t\t\t<\/div>\n\t\t<\/div>\n\t\t\t\t<div class=\"elementor-column elementor-col-50 elementor-top-column elementor-element elementor-element-8f04aa9\" data-id=\"8f04aa9\" data-element_type=\"column\">\n\t\t\t<div class=\"elementor-widget-wrap elementor-element-populated\">\n\t\t\t\t\t\t\t\t<div class=\"elementor-element elementor-element-26c5fbc bplan-star-rating--align-center elementor-widget elementor-widget-witr_section_s_image\" data-id=\"26c5fbc\" data-element_type=\"widget\" data-widget_type=\"witr_section_s_image.default\">\n\t\t\t\t<div class=\"elementor-widget-container\">\n\t\t\t\t\n\t\t<div class=\"single_image_area\">\n\t\t\t<div class=\"single_image single_line_option\">\n\t\t\t\t<!-- image -->\n\t\t\t\t<img loading=\"lazy\" decoding=\"async\" width=\"460\" height=\"510\" src=\"https:\/\/auditoresvalencianos.com\/wp-content\/uploads\/2023\/05\/la-firma.jpg\" class=\"attachment-large size-large wp-image-16599\" alt=\"\" srcset=\"https:\/\/auditoresvalencianos.com\/wp-content\/uploads\/2023\/05\/la-firma.jpg 460w, https:\/\/auditoresvalencianos.com\/wp-content\/uploads\/2023\/05\/la-firma-271x300.jpg 271w\" sizes=\"auto, (max-width: 460px) 100vw, 460px\" \/>\t\t\n\t\t\t\t\t\t\t\t\t\t\t<\/div>\n\t\t<\/div>\n\t\t\t\n\t\t\t\n\t\t\n\t\t\t\n\t\t\t\t<\/div>\n\t\t\t\t<\/div>\n\t\t\t\t\t<\/div>\n\t\t<\/div>\n\t\t\t\t\t\t\t<\/div>\n\t\t<\/section>\n\t\t\t\t\t\t\t<\/div>","protected":false},"excerpt":{"rendered":"<p>LA FIRMA Auditores Valencianos Asociados Auditores Valencianos Asociados, naci\u00f3 por la uni\u00f3n de varios profesionales, con amplia experiencia en el asesoramiento empresarial y de entidades p\u00fablicas, que tuvieron la idea de crear una organizaci\u00f3n dedicada a la prestaci\u00f3n de servicios de Auditor\u00eda y Consultor\u00eda de la Gesti\u00f3n empresarial.\u00a0 Desde 1990, Auditores Valencianos Asociados viene desarrollando [&hellip;]<\/p>","protected":false},"author":1,"featured_media":0,"parent":0,"menu_order":0,"comment_status":"closed","ping_status":"closed","template":"template-home.php","meta":{"footnotes":""},"class_list":["post-360","page","type-page","status-publish","hentry"],"yoast_head":"<!-- This site is optimized with the Yoast SEO plugin v22.4 - https:\/\/yoast.com\/wordpress\/plugins\/seo\/ -->\n<title>La firma - Auditores Valencianos Asociados<\/title>\n<meta name=\"robots\" content=\"index, follow, max-snippet:-1, max-image-preview:large, max-video-preview:-1\" \/>\n<link rel=\"canonical\" href=\"https:\/\/auditoresvalencianos.com\/en\/la-firma\/\" \/>\n<meta property=\"og:locale\" content=\"en_GB\" \/>\n<meta property=\"og:type\" content=\"article\" \/>\n<meta property=\"og:title\" content=\"La firma - Auditores Valencianos Asociados\" \/>\n<meta property=\"og:description\" content=\"LA FIRMA Auditores Valencianos Asociados Auditores Valencianos Asociados, naci\u00f3 por la uni\u00f3n de varios profesionales, con amplia experiencia en el asesoramiento empresarial y de entidades p\u00fablicas, que tuvieron la idea de crear una organizaci\u00f3n dedicada a la prestaci\u00f3n de servicios de Auditor\u00eda y Consultor\u00eda de la Gesti\u00f3n empresarial.\u00a0 Desde 1990, Auditores Valencianos Asociados viene desarrollando [&hellip;]\" \/>\n<meta property=\"og:url\" content=\"https:\/\/auditoresvalencianos.com\/en\/la-firma\/\" \/>\n<meta property=\"og:site_name\" content=\"Auditores Valencianos Asociados\" \/>\n<meta property=\"article:modified_time\" content=\"2023-05-09T06:42:03+00:00\" \/>\n<meta property=\"og:image\" content=\"http:\/\/web.auditoresvalencianos.com\/wp-content\/uploads\/2023\/05\/la-firma.jpg\" \/>\n<meta name=\"twitter:card\" content=\"summary_large_image\" \/>\n<meta name=\"twitter:label1\" content=\"Estimated reading time\" \/>\n\t<meta name=\"twitter:data1\" content=\"1 minute\" \/>\n<script type=\"application\/ld+json\" class=\"yoast-schema-graph\">{\"@context\":\"https:\/\/schema.org\",\"@graph\":[{\"@type\":\"WebPage\",\"@id\":\"https:\/\/auditoresvalencianos.com\/la-firma\/\",\"url\":\"https:\/\/auditoresvalencianos.com\/la-firma\/\",\"name\":\"La firma - Auditores Valencianos Asociados\",\"isPartOf\":{\"@id\":\"https:\/\/auditoresvalencianos.com\/#website\"},\"primaryImageOfPage\":{\"@id\":\"https:\/\/auditoresvalencianos.com\/la-firma\/#primaryimage\"},\"image\":{\"@id\":\"https:\/\/auditoresvalencianos.com\/la-firma\/#primaryimage\"},\"thumbnailUrl\":\"http:\/\/web.auditoresvalencianos.com\/wp-content\/uploads\/2023\/05\/la-firma.jpg\",\"datePublished\":\"2020-06-10T11:50:41+00:00\",\"dateModified\":\"2023-05-09T06:42:03+00:00\",\"breadcrumb\":{\"@id\":\"https:\/\/auditoresvalencianos.com\/la-firma\/#breadcrumb\"},\"inLanguage\":\"en-GB\",\"potentialAction\":[{\"@type\":\"ReadAction\",\"target\":[\"https:\/\/auditoresvalencianos.com\/la-firma\/\"]}]},{\"@type\":\"ImageObject\",\"inLanguage\":\"en-GB\",\"@id\":\"https:\/\/auditoresvalencianos.com\/la-firma\/#primaryimage\",\"url\":\"http:\/\/web.auditoresvalencianos.com\/wp-content\/uploads\/2023\/05\/la-firma.jpg\",\"contentUrl\":\"http:\/\/web.auditoresvalencianos.com\/wp-content\/uploads\/2023\/05\/la-firma.jpg\"},{\"@type\":\"BreadcrumbList\",\"@id\":\"https:\/\/auditoresvalencianos.com\/la-firma\/#breadcrumb\",\"itemListElement\":[{\"@type\":\"ListItem\",\"position\":1,\"name\":\"Portada\",\"item\":\"https:\/\/auditoresvalencianos.com\/\"},{\"@type\":\"ListItem\",\"position\":2,\"name\":\"La firma\"}]},{\"@type\":\"WebSite\",\"@id\":\"https:\/\/auditoresvalencianos.com\/#website\",\"url\":\"https:\/\/auditoresvalencianos.com\/\",\"name\":\"Auditores Valencianos Asociados\",\"description\":\"Auditor\u00eda de Cuentas y Consultor\u00eda Empresarial\",\"publisher\":{\"@id\":\"https:\/\/auditoresvalencianos.com\/#organization\"},\"potentialAction\":[{\"@type\":\"SearchAction\",\"target\":{\"@type\":\"EntryPoint\",\"urlTemplate\":\"https:\/\/auditoresvalencianos.com\/?s={search_term_string}\"},\"query-input\":\"required name=search_term_string\"}],\"inLanguage\":\"en-GB\"},{\"@type\":\"Organization\",\"@id\":\"https:\/\/auditoresvalencianos.com\/#organization\",\"name\":\"Auditores Valencianos Asociados\",\"url\":\"https:\/\/auditoresvalencianos.com\/\",\"logo\":{\"@type\":\"ImageObject\",\"inLanguage\":\"en-GB\",\"@id\":\"https:\/\/auditoresvalencianos.com\/#\/schema\/logo\/image\/\",\"url\":\"https:\/\/auditoresvalencianos.com\/wp-content\/uploads\/2023\/05\/logo-auditores-valencianos-h-r-370-footer.png\",\"contentUrl\":\"https:\/\/auditoresvalencianos.com\/wp-content\/uploads\/2023\/05\/logo-auditores-valencianos-h-r-370-footer.png\",\"width\":370,\"height\":80,\"caption\":\"Auditores Valencianos Asociados\"},\"image\":{\"@id\":\"https:\/\/auditoresvalencianos.com\/#\/schema\/logo\/image\/\"}}]}<\/script>\n<!-- \/ Yoast SEO plugin. -->","yoast_head_json":{"title":"La firma - Auditores Valencianos Asociados","robots":{"index":"index","follow":"follow","max-snippet":"max-snippet:-1","max-image-preview":"max-image-preview:large","max-video-preview":"max-video-preview:-1"},"canonical":"https:\/\/auditoresvalencianos.com\/en\/la-firma\/","og_locale":"en_GB","og_type":"article","og_title":"La firma - Auditores Valencianos Asociados","og_description":"LA FIRMA Auditores Valencianos Asociados Auditores Valencianos Asociados, naci\u00f3 por la uni\u00f3n de varios profesionales, con amplia experiencia en el asesoramiento empresarial y de entidades p\u00fablicas, que tuvieron la idea de crear una organizaci\u00f3n dedicada a la prestaci\u00f3n de servicios de Auditor\u00eda y Consultor\u00eda de la Gesti\u00f3n empresarial.\u00a0 Desde 1990, Auditores Valencianos Asociados viene desarrollando [&hellip;]","og_url":"https:\/\/auditoresvalencianos.com\/en\/la-firma\/","og_site_name":"Auditores Valencianos Asociados","article_modified_time":"2023-05-09T06:42:03+00:00","og_image":[{"url":"http:\/\/web.auditoresvalencianos.com\/wp-content\/uploads\/2023\/05\/la-firma.jpg"}],"twitter_card":"summary_large_image","twitter_misc":{"Estimated reading time":"1 minute"},"schema":{"@context":"https:\/\/schema.org","@graph":[{"@type":"WebPage","@id":"https:\/\/auditoresvalencianos.com\/la-firma\/","url":"https:\/\/auditoresvalencianos.com\/la-firma\/","name":"La firma - Auditores Valencianos Asociados","isPartOf":{"@id":"https:\/\/auditoresvalencianos.com\/#website"},"primaryImageOfPage":{"@id":"https:\/\/auditoresvalencianos.com\/la-firma\/#primaryimage"},"image":{"@id":"https:\/\/auditoresvalencianos.com\/la-firma\/#primaryimage"},"thumbnailUrl":"http:\/\/web.auditoresvalencianos.com\/wp-content\/uploads\/2023\/05\/la-firma.jpg","datePublished":"2020-06-10T11:50:41+00:00","dateModified":"2023-05-09T06:42:03+00:00","breadcrumb":{"@id":"https:\/\/auditoresvalencianos.com\/la-firma\/#breadcrumb"},"inLanguage":"en-GB","potentialAction":[{"@type":"ReadAction","target":["https:\/\/auditoresvalencianos.com\/la-firma\/"]}]},{"@type":"ImageObject","inLanguage":"en-GB","@id":"https:\/\/auditoresvalencianos.com\/la-firma\/#primaryimage","url":"http:\/\/web.auditoresvalencianos.com\/wp-content\/uploads\/2023\/05\/la-firma.jpg","contentUrl":"http:\/\/web.auditoresvalencianos.com\/wp-content\/uploads\/2023\/05\/la-firma.jpg"},{"@type":"BreadcrumbList","@id":"https:\/\/auditoresvalencianos.com\/la-firma\/#breadcrumb","itemListElement":[{"@type":"ListItem","position":1,"name":"Portada","item":"https:\/\/auditoresvalencianos.com\/"},{"@type":"ListItem","position":2,"name":"La firma"}]},{"@type":"WebSite","@id":"https:\/\/auditoresvalencianos.com\/#website","url":"https:\/\/auditoresvalencianos.com\/","name":"Auditores Valencianos Asociados","description":"Auditor\u00eda de Cuentas y Consultor\u00eda Empresarial","publisher":{"@id":"https:\/\/auditoresvalencianos.com\/#organization"},"potentialAction":[{"@type":"SearchAction","target":{"@type":"EntryPoint","urlTemplate":"https:\/\/auditoresvalencianos.com\/?s={search_term_string}"},"query-input":"required name=search_term_string"}],"inLanguage":"en-GB"},{"@type":"Organization","@id":"https:\/\/auditoresvalencianos.com\/#organization","name":"Auditores Valencianos Asociados","url":"https:\/\/auditoresvalencianos.com\/","logo":{"@type":"ImageObject","inLanguage":"en-GB","@id":"https:\/\/auditoresvalencianos.com\/#\/schema\/logo\/image\/","url":"https:\/\/auditoresvalencianos.com\/wp-content\/uploads\/2023\/05\/logo-auditores-valencianos-h-r-370-footer.png","contentUrl":"https:\/\/auditoresvalencianos.com\/wp-content\/uploads\/2023\/05\/logo-auditores-valencianos-h-r-370-footer.png","width":370,"height":80,"caption":"Auditores Valencianos Asociados"},"image":{"@id":"https:\/\/auditoresvalencianos.com\/#\/schema\/logo\/image\/"}}]}},"_links":{"self":[{"href":"https:\/\/auditoresvalencianos.com\/en\/wp-json\/wp\/v2\/pages\/360","targetHints":{"allow":["GET"]}}],"collection":[{"href":"https:\/\/auditoresvalencianos.com\/en\/wp-json\/wp\/v2\/pages"}],"about":[{"href":"https:\/\/auditoresvalencianos.com\/en\/wp-json\/wp\/v2\/types\/page"}],"author":[{"embeddable":true,"href":"https:\/\/auditoresvalencianos.com\/en\/wp-json\/wp\/v2\/users\/1"}],"replies":[{"embeddable":true,"href":"https:\/\/auditoresvalencianos.com\/en\/wp-json\/wp\/v2\/comments?post=360"}],"version-history":[{"count":26,"href":"https:\/\/auditoresvalencianos.com\/en\/wp-json\/wp\/v2\/pages\/360\/revisions"}],"predecessor-version":[{"id":17152,"href":"https:\/\/auditoresvalencianos.com\/en\/wp-json\/wp\/v2\/pages\/360\/revisions\/17152"}],"wp:attachment":[{"href":"https:\/\/auditoresvalencianos.com\/en\/wp-json\/wp\/v2\/media?parent=360"}],"curies":[{"name":"wp","href":"https:\/\/api.w.org\/{rel}","templated":true}]}}