{"id":415,"date":"2020-06-10T18:03:45","date_gmt":"2020-06-10T18:03:45","guid":{"rendered":"http:\/\/localhost\/context\/?page_id=415"},"modified":"2023-05-12T06:58:29","modified_gmt":"2023-05-12T06:58:29","slug":"contacto","status":"publish","type":"page","link":"https:\/\/auditoresvalencianos.com\/en\/contacto\/","title":{"rendered":"Contact"},"content":{"rendered":"<div data-elementor-type=\"wp-page\" data-elementor-id=\"415\" class=\"elementor elementor-415\">\n\t\t\t\t\t\t\t\t\t<section class=\"elementor-section elementor-top-section elementor-element elementor-element-20b0895 elementor-section-boxed elementor-section-height-default elementor-section-height-default\" data-id=\"20b0895\" data-element_type=\"section\">\n\t\t\t\t\t\t<div class=\"elementor-container elementor-column-gap-default\">\n\t\t\t\t\t<div class=\"elementor-column elementor-col-33 elementor-top-column elementor-element elementor-element-9620818\" data-id=\"9620818\" data-element_type=\"column\">\n\t\t\t<div class=\"elementor-widget-wrap elementor-element-populated\">\n\t\t\t\t\t\t\t\t<div class=\"elementor-element elementor-element-5b6be5d elementor-widget elementor-widget-witr_section_service\" data-id=\"5b6be5d\" data-element_type=\"widget\" data-widget_type=\"witr_section_service.default\">\n\t\t\t\t<div class=\"elementor-widget-container\">\n\t\t\t\t\t\n\t\t\t<div class=\"service-item all_color_service  text-center\">\n\t\t\t\t<div class=\"service_top_image\">\n\t\t\t\t\t<!-- image -->\n\t\t\t\t\t\t\t\t\n\t\t\t\t<\/div>\n\t\t\t\t<div class=\"text_box all_icon_color\">\n\t\t\t\t\t<!-- icon -->\n\t\t\t\t\t\t\t\t\t\t\t<i class=\"flaticon flaticon-map\"><\/i>\n\t\t\t\t\t\t\t\t\t\t<!-- custom icon -->\n\t\t\t\t\t\t\t\t\t\n\t\t\t\t\t<!-- image -->\n\t\t\t\t\t\t\n\t\t\t\t\t<!-- title -->\n\t\t\t\t\t\t\t\t\t\t\t\t\t\t\t<h3>OFFICE\n <\/h3>\n\t\t\t\t\t\t\t\t\t\t\t\t\t\t\t<!-- content -->\n\t\t\t\t\t\t\t\t\t\t\t<p>C\/ Jer\u00f3nimo Mu\u00f1oz, 20 Mezzanine B1, Valencia 46007 <\/p>\t\t\n\t\t\t\t\t\t\t\t\t\t<!-- button -->\n\t\t\t\t\t\t\t\t\t\n\t\t\t\t<\/div> <!-- text_box -->\t\t\t\t\t\t\t\n\t\t\t<\/div> <!-- service item -->\t\t\t\t\t\t\t\n \t\t\t\t<\/div>\n\t\t\t\t<\/div>\n\t\t\t\t\t<\/div>\n\t\t<\/div>\n\t\t\t\t<div class=\"elementor-column elementor-col-33 elementor-top-column elementor-element elementor-element-6e79bd8\" data-id=\"6e79bd8\" data-element_type=\"column\">\n\t\t\t<div class=\"elementor-widget-wrap elementor-element-populated\">\n\t\t\t\t\t\t\t\t<div class=\"elementor-element elementor-element-2aaa137 elementor-widget elementor-widget-witr_section_service\" data-id=\"2aaa137\" data-element_type=\"widget\" data-widget_type=\"witr_section_service.default\">\n\t\t\t\t<div class=\"elementor-widget-container\">\n\t\t\t\t\t\n\t\t\t<div class=\"service-item all_color_service  text-center\">\n\t\t\t\t<div class=\"service_top_image\">\n\t\t\t\t\t<!-- image -->\n\t\t\t\t\t\t\t\t\n\t\t\t\t<\/div>\n\t\t\t\t<div class=\"text_box all_icon_color\">\n\t\t\t\t\t<!-- icon -->\n\t\t\t\t\t\t\t\t\t\t\t<i class=\"flaticon flaticon-call\"><\/i>\n\t\t\t\t\t\t\t\t\t\t<!-- custom icon -->\n\t\t\t\t\t\t\t\t\t\n\t\t\t\t\t<!-- image -->\n\t\t\t\t\t\t\n\t\t\t\t\t<!-- title -->\n\t\t\t\t\t\t\t\t\t\t\t\t\t\t\t<h3>PHONES\n <\/h3>\n\t\t\t\t\t\t\t\t\t\t\t\t\t\t\t<!-- content -->\n\t\t\t\t\t\t\t\t\t\t\t<p><a href=\"https:\/\/api.whatsapp.com\/send?phone=34653962552\">653 96 25 52<\/a> <br>963 803 654\n <\/p>\t\t\n\t\t\t\t\t\t\t\t\t\t<!-- button -->\n\t\t\t\t\t\t\t\t\t\n\t\t\t\t<\/div> <!-- text_box -->\t\t\t\t\t\t\t\n\t\t\t<\/div> <!-- service item -->\t\t\t\t\t\t\t\n \t\t\t\t<\/div>\n\t\t\t\t<\/div>\n\t\t\t\t\t<\/div>\n\t\t<\/div>\n\t\t\t\t<div class=\"elementor-column elementor-col-33 elementor-top-column elementor-element elementor-element-965975a\" data-id=\"965975a\" data-element_type=\"column\">\n\t\t\t<div class=\"elementor-widget-wrap elementor-element-populated\">\n\t\t\t\t\t\t\t\t<div class=\"elementor-element elementor-element-52a26b3 elementor-widget elementor-widget-witr_section_service\" data-id=\"52a26b3\" data-element_type=\"widget\" data-widget_type=\"witr_section_service.default\">\n\t\t\t\t<div class=\"elementor-widget-container\">\n\t\t\t\t\t\n\t\t\t<div class=\"service-item all_color_service  text-center\">\n\t\t\t\t<div class=\"service_top_image\">\n\t\t\t\t\t<!-- image -->\n\t\t\t\t\t\t\t\t\n\t\t\t\t<\/div>\n\t\t\t\t<div class=\"text_box all_icon_color\">\n\t\t\t\t\t<!-- icon -->\n\t\t\t\t\t\t\t\t\t\t\t<i class=\"flaticon flaticon-mail\"><\/i>\n\t\t\t\t\t\t\t\t\t\t<!-- custom icon -->\n\t\t\t\t\t\t\t\t\t\n\t\t\t\t\t<!-- image -->\n\t\t\t\t\t\t\n\t\t\t\t\t<!-- title -->\n\t\t\t\t\t\t\t\t\t\t \n\t\t\t\t\t\t<h3><a href=\"mailto:administracion@auditoresvalencianos.com\">E-MAIL\n\n<\/a><\/h3>\n\t\t\t\t\t\t\t\t\t\t\t\t\t\t\t<!-- content -->\n\t\t\t\t\t\t\t\t\t\t\t<p>administracion@auditoresvalencianos.com\n <\/p>\t\t\n\t\t\t\t\t\t\t\t\t\t<!-- button -->\n\t\t\t\t\t\t\t\t\t\n\t\t\t\t<\/div> <!-- text_box -->\t\t\t\t\t\t\t\n\t\t\t<\/div> <!-- service item -->\t\t\t\t\t\t\t\n \t\t\t\t<\/div>\n\t\t\t\t<\/div>\n\t\t\t\t\t<\/div>\n\t\t<\/div>\n\t\t\t\t\t\t\t<\/div>\n\t\t<\/section>\n\t\t\t\t<section class=\"elementor-section elementor-top-section elementor-element elementor-element-4c1f1bd elementor-section-full_width elementor-section-height-default elementor-section-height-default\" data-id=\"4c1f1bd\" data-element_type=\"section\">\n\t\t\t\t\t\t<div class=\"elementor-container elementor-column-gap-no\">\n\t\t\t\t\t<div class=\"elementor-column elementor-col-100 elementor-top-column elementor-element elementor-element-5e4bf83\" data-id=\"5e4bf83\" data-element_type=\"column\">\n\t\t\t<div class=\"elementor-widget-wrap elementor-element-populated\">\n\t\t\t\t\t\t\t\t<div class=\"elementor-element elementor-element-c9bb51b elementor-widget elementor-widget-google_maps\" data-id=\"c9bb51b\" data-element_type=\"widget\" data-widget_type=\"google_maps.default\">\n\t\t\t\t<div class=\"elementor-widget-container\">\n\t\t\t<style>\/*! elementor - v3.12.2 - 23-04-2023 *\/\n.elementor-widget-google_maps .elementor-widget-container{overflow:hidden}.elementor-widget-google_maps .elementor-custom-embed{line-height:0}.elementor-widget-google_maps iframe{height:300px}<\/style>\t\t<div class=\"elementor-custom-embed\">\n\t\t\t<iframe loading=\"lazy\"\n\t\t\t\t\tsrc=\"https:\/\/maps.google.com\/maps?q=C%2F%20de%20Jer%C3%B3nimo%20Mu%C3%B1oz%2C%2020%2C%2046007%20Valencia&#038;t=m&#038;z=18&#038;output=embed&#038;iwloc=near\"\n\t\t\t\t\ttitle=\"C\/ Jer\u00f3nimo Mu\u00f1oz, 20, 46007 Valencia\"\n\t\t\t\t\taria-label=\"C\/ Jer\u00f3nimo Mu\u00f1oz, 20, 46007 Valencia\"\n\t\t\t><\/iframe>\n\t\t<\/div>\n\t\t\t\t<\/div>\n\t\t\t\t<\/div>\n\t\t\t\t\t<\/div>\n\t\t<\/div>\n\t\t\t\t\t\t\t<\/div>\n\t\t<\/section>\n\t\t\t\t\t\t\t<\/div>","protected":false},"excerpt":{"rendered":"<p>OFICINA C\/ Jer\u00f3nimo Mu\u00f1oz, 20 Entresuelo B1, Valencia 46007 TEL\u00c9FONOS 653 96 25 52 963 803 654 E-MAIL administracion@auditoresvalencianos.com<\/p>","protected":false},"author":1,"featured_media":0,"parent":0,"menu_order":0,"comment_status":"closed","ping_status":"closed","template":"template-home.php","meta":{"footnotes":""},"class_list":["post-415","page","type-page","status-publish","hentry"],"yoast_head":"<!-- This site is optimized with the Yoast SEO plugin v22.4 - https:\/\/yoast.com\/wordpress\/plugins\/seo\/ -->\n<title>Contacto - Auditores Valencianos Asociados<\/title>\n<meta name=\"robots\" content=\"index, follow, max-snippet:-1, max-image-preview:large, max-video-preview:-1\" \/>\n<link rel=\"canonical\" href=\"https:\/\/auditoresvalencianos.com\/en\/contacto\/\" \/>\n<meta property=\"og:locale\" content=\"en_GB\" \/>\n<meta property=\"og:type\" content=\"article\" \/>\n<meta property=\"og:title\" content=\"Contacto - Auditores Valencianos Asociados\" \/>\n<meta property=\"og:description\" content=\"OFICINA C\/ Jer\u00f3nimo Mu\u00f1oz, 20 Entresuelo B1, Valencia 46007 TEL\u00c9FONOS 653 96 25 52 963 803 654 E-MAIL administracion@auditoresvalencianos.com\" \/>\n<meta property=\"og:url\" content=\"https:\/\/auditoresvalencianos.com\/en\/contacto\/\" \/>\n<meta property=\"og:site_name\" content=\"Auditores Valencianos Asociados\" \/>\n<meta property=\"article:modified_time\" content=\"2023-05-12T06:58:29+00:00\" \/>\n<meta name=\"twitter:card\" content=\"summary_large_image\" \/>\n<script type=\"application\/ld+json\" class=\"yoast-schema-graph\">{\"@context\":\"https:\/\/schema.org\",\"@graph\":[{\"@type\":\"WebPage\",\"@id\":\"https:\/\/auditoresvalencianos.com\/contacto\/\",\"url\":\"https:\/\/auditoresvalencianos.com\/contacto\/\",\"name\":\"Contacto - Auditores Valencianos Asociados\",\"isPartOf\":{\"@id\":\"https:\/\/auditoresvalencianos.com\/#website\"},\"datePublished\":\"2020-06-10T18:03:45+00:00\",\"dateModified\":\"2023-05-12T06:58:29+00:00\",\"breadcrumb\":{\"@id\":\"https:\/\/auditoresvalencianos.com\/contacto\/#breadcrumb\"},\"inLanguage\":\"en-GB\",\"potentialAction\":[{\"@type\":\"ReadAction\",\"target\":[\"https:\/\/auditoresvalencianos.com\/contacto\/\"]}]},{\"@type\":\"BreadcrumbList\",\"@id\":\"https:\/\/auditoresvalencianos.com\/contacto\/#breadcrumb\",\"itemListElement\":[{\"@type\":\"ListItem\",\"position\":1,\"name\":\"Portada\",\"item\":\"https:\/\/auditoresvalencianos.com\/\"},{\"@type\":\"ListItem\",\"position\":2,\"name\":\"Contacto\"}]},{\"@type\":\"WebSite\",\"@id\":\"https:\/\/auditoresvalencianos.com\/#website\",\"url\":\"https:\/\/auditoresvalencianos.com\/\",\"name\":\"Auditores Valencianos Asociados\",\"description\":\"Auditor\u00eda de Cuentas y Consultor\u00eda Empresarial\",\"publisher\":{\"@id\":\"https:\/\/auditoresvalencianos.com\/#organization\"},\"potentialAction\":[{\"@type\":\"SearchAction\",\"target\":{\"@type\":\"EntryPoint\",\"urlTemplate\":\"https:\/\/auditoresvalencianos.com\/?s={search_term_string}\"},\"query-input\":\"required name=search_term_string\"}],\"inLanguage\":\"en-GB\"},{\"@type\":\"Organization\",\"@id\":\"https:\/\/auditoresvalencianos.com\/#organization\",\"name\":\"Auditores Valencianos Asociados\",\"url\":\"https:\/\/auditoresvalencianos.com\/\",\"logo\":{\"@type\":\"ImageObject\",\"inLanguage\":\"en-GB\",\"@id\":\"https:\/\/auditoresvalencianos.com\/#\/schema\/logo\/image\/\",\"url\":\"https:\/\/auditoresvalencianos.com\/wp-content\/uploads\/2023\/05\/logo-auditores-valencianos-h-r-370-footer.png\",\"contentUrl\":\"https:\/\/auditoresvalencianos.com\/wp-content\/uploads\/2023\/05\/logo-auditores-valencianos-h-r-370-footer.png\",\"width\":370,\"height\":80,\"caption\":\"Auditores Valencianos Asociados\"},\"image\":{\"@id\":\"https:\/\/auditoresvalencianos.com\/#\/schema\/logo\/image\/\"}}]}<\/script>\n<!-- \/ Yoast SEO plugin. -->","yoast_head_json":{"title":"Contacto - Auditores Valencianos Asociados","robots":{"index":"index","follow":"follow","max-snippet":"max-snippet:-1","max-image-preview":"max-image-preview:large","max-video-preview":"max-video-preview:-1"},"canonical":"https:\/\/auditoresvalencianos.com\/en\/contacto\/","og_locale":"en_GB","og_type":"article","og_title":"Contacto - Auditores Valencianos Asociados","og_description":"OFICINA C\/ Jer\u00f3nimo Mu\u00f1oz, 20 Entresuelo B1, Valencia 46007 TEL\u00c9FONOS 653 96 25 52 963 803 654 E-MAIL administracion@auditoresvalencianos.com","og_url":"https:\/\/auditoresvalencianos.com\/en\/contacto\/","og_site_name":"Auditores Valencianos Asociados","article_modified_time":"2023-05-12T06:58:29+00:00","twitter_card":"summary_large_image","schema":{"@context":"https:\/\/schema.org","@graph":[{"@type":"WebPage","@id":"https:\/\/auditoresvalencianos.com\/contacto\/","url":"https:\/\/auditoresvalencianos.com\/contacto\/","name":"Contacto - Auditores Valencianos Asociados","isPartOf":{"@id":"https:\/\/auditoresvalencianos.com\/#website"},"datePublished":"2020-06-10T18:03:45+00:00","dateModified":"2023-05-12T06:58:29+00:00","breadcrumb":{"@id":"https:\/\/auditoresvalencianos.com\/contacto\/#breadcrumb"},"inLanguage":"en-GB","potentialAction":[{"@type":"ReadAction","target":["https:\/\/auditoresvalencianos.com\/contacto\/"]}]},{"@type":"BreadcrumbList","@id":"https:\/\/auditoresvalencianos.com\/contacto\/#breadcrumb","itemListElement":[{"@type":"ListItem","position":1,"name":"Portada","item":"https:\/\/auditoresvalencianos.com\/"},{"@type":"ListItem","position":2,"name":"Contacto"}]},{"@type":"WebSite","@id":"https:\/\/auditoresvalencianos.com\/#website","url":"https:\/\/auditoresvalencianos.com\/","name":"Auditores Valencianos Asociados","description":"Auditor\u00eda de Cuentas y Consultor\u00eda Empresarial","publisher":{"@id":"https:\/\/auditoresvalencianos.com\/#organization"},"potentialAction":[{"@type":"SearchAction","target":{"@type":"EntryPoint","urlTemplate":"https:\/\/auditoresvalencianos.com\/?s={search_term_string}"},"query-input":"required name=search_term_string"}],"inLanguage":"en-GB"},{"@type":"Organization","@id":"https:\/\/auditoresvalencianos.com\/#organization","name":"Auditores Valencianos Asociados","url":"https:\/\/auditoresvalencianos.com\/","logo":{"@type":"ImageObject","inLanguage":"en-GB","@id":"https:\/\/auditoresvalencianos.com\/#\/schema\/logo\/image\/","url":"https:\/\/auditoresvalencianos.com\/wp-content\/uploads\/2023\/05\/logo-auditores-valencianos-h-r-370-footer.png","contentUrl":"https:\/\/auditoresvalencianos.com\/wp-content\/uploads\/2023\/05\/logo-auditores-valencianos-h-r-370-footer.png","width":370,"height":80,"caption":"Auditores Valencianos Asociados"},"image":{"@id":"https:\/\/auditoresvalencianos.com\/#\/schema\/logo\/image\/"}}]}},"_links":{"self":[{"href":"https:\/\/auditoresvalencianos.com\/en\/wp-json\/wp\/v2\/pages\/415","targetHints":{"allow":["GET"]}}],"collection":[{"href":"https:\/\/auditoresvalencianos.com\/en\/wp-json\/wp\/v2\/pages"}],"about":[{"href":"https:\/\/auditoresvalencianos.com\/en\/wp-json\/wp\/v2\/types\/page"}],"author":[{"embeddable":true,"href":"https:\/\/auditoresvalencianos.com\/en\/wp-json\/wp\/v2\/users\/1"}],"replies":[{"embeddable":true,"href":"https:\/\/auditoresvalencianos.com\/en\/wp-json\/wp\/v2\/comments?post=415"}],"version-history":[{"count":95,"href":"https:\/\/auditoresvalencianos.com\/en\/wp-json\/wp\/v2\/pages\/415\/revisions"}],"predecessor-version":[{"id":17192,"href":"https:\/\/auditoresvalencianos.com\/en\/wp-json\/wp\/v2\/pages\/415\/revisions\/17192"}],"wp:attachment":[{"href":"https:\/\/auditoresvalencianos.com\/en\/wp-json\/wp\/v2\/media?parent=415"}],"curies":[{"name":"wp","href":"https:\/\/api.w.org\/{rel}","templated":true}]}}